{"id":23032,"date":"2024-07-04T11:58:08","date_gmt":"2024-07-04T11:58:08","guid":{"rendered":"https:\/\/jonfestival.com\/panier\/"},"modified":"2024-07-04T12:52:58","modified_gmt":"2024-07-04T12:52:58","slug":"panier","status":"publish","type":"page","link":"https:\/\/jonfestival.com\/fr\/panier\/","title":{"rendered":"Chariot"},"content":{"rendered":"\n<div data-block-name=\"woocommerce\/cart\" class=\"wp-block-woocommerce-cart alignwide is-loading\">\n<div data-block-name=\"woocommerce\/filled-cart-block\" class=\"wp-block-woocommerce-filled-cart-block\">\n<div data-block-name=\"woocommerce\/cart-items-block\" class=\"wp-block-woocommerce-cart-items-block\">\n<div data-block-name=\"woocommerce\/cart-line-items-block\" class=\"wp-block-woocommerce-cart-line-items-block\"><\/div>\n\n\n\n<div data-block-name=\"woocommerce\/cart-cross-sells-block\" class=\"wp-block-woocommerce-cart-cross-sells-block\">\n<h2 class=\"wp-block-heading has-large-font-size\">Vous pourriez \u00eatre int\u00e9ress\u00e9 par&#8230;<\/h2>\n\n\n\n<div data-block-name=\"woocommerce\/cart-cross-sells-products-block\" class=\"wp-block-woocommerce-cart-cross-sells-products-block\"><\/div>\n<\/div>\n<\/div>\n\n\n\n<div data-block-name=\"woocommerce\/cart-totals-block\" class=\"wp-block-woocommerce-cart-totals-block\">\n<div data-block-name=\"woocommerce\/cart-order-summary-block\" class=\"wp-block-woocommerce-cart-order-summary-block\">\n<div data-block-name=\"woocommerce\/cart-order-summary-heading-block\" class=\"wp-block-woocommerce-cart-order-summary-heading-block\"><\/div><div data-block-name=\"woocommerce\/cart-order-summary-coupon-form-block\" class=\"wp-block-woocommerce-cart-order-summary-coupon-form-block\"><\/div><div data-block-name=\"woocommerce\/cart-order-summary-totals-block\" class=\"wp-block-woocommerce-cart-order-summary-totals-block\">\n<div data-block-name=\"woocommerce\/cart-order-summary-subtotal-block\" class=\"wp-block-woocommerce-cart-order-summary-subtotal-block\"><\/div>\n<div data-block-name=\"woocommerce\/cart-order-summary-discount-block\" class=\"wp-block-woocommerce-cart-order-summary-discount-block\"><\/div>\n<div data-block-name=\"woocommerce\/cart-order-summary-fee-block\" class=\"wp-block-woocommerce-cart-order-summary-fee-block\"><\/div>\n<div data-block-name=\"woocommerce\/cart-order-summary-shipping-block\" class=\"wp-block-woocommerce-cart-order-summary-shipping-block\"><\/div>\n<div data-block-name=\"woocommerce\/cart-order-summary-taxes-block\" class=\"wp-block-woocommerce-cart-order-summary-taxes-block\"><\/div><\/div>\n<\/div>\n\n\n\n<div data-block-name=\"woocommerce\/cart-express-payment-block\" class=\"wp-block-woocommerce-cart-express-payment-block\"><\/div>\n\n\n\n<div data-block-name=\"woocommerce\/proceed-to-checkout-block\" class=\"wp-block-woocommerce-proceed-to-checkout-block\"><\/div>\n\n\n\n<div data-block-name=\"woocommerce\/cart-accepted-payment-methods-block\" class=\"wp-block-woocommerce-cart-accepted-payment-methods-block\"><\/div>\n<\/div>\n<\/div>\n\n\n\n<div data-block-name=\"woocommerce\/empty-cart-block\" class=\"wp-block-woocommerce-empty-cart-block\">\n<h2 class=\"wp-block-heading has-text-align-center with-empty-cart-icon wc-block-cart__empty-cart__title\">Votre panier est actuellement vide !<\/h2>\n\n\n\n<hr class=\"wp-block-separator has-alpha-channel-opacity is-style-dots\"\/>\n\n\n\n<h2 class=\"wp-block-heading has-text-align-center\">Nouveau en magasin<\/h2>\n\n\n<div data-block-name=\"woocommerce\/product-new\" data-columns=\"4\" data-rows=\"1\" class=\"wc-block-grid wp-block-product-new wp-block-woocommerce-product-new wc-block-product-new has-4-columns\"><ul class=\"wc-block-grid__products\"><li class=\"wc-block-grid__product\">\n\t\t\t\t<a href=\"https:\/\/jonfestival.com\/fr\/produit\/festival-t-shirt\/\" class=\"wc-block-grid__product-link\">\n\t\t\t\t\t\n\t\t\t\t\t<div class=\"wc-block-grid__product-image\"><img fetchpriority=\"high\" decoding=\"async\" width=\"630\" height=\"630\" src=\"https:\/\/jonfestival.com\/wp-content\/uploads\/2021\/05\/3-630x630.jpg\" class=\"attachment-woocommerce_thumbnail size-woocommerce_thumbnail\" alt=\"Festival t-shirt\" srcset=\"https:\/\/jonfestival.com\/wp-content\/uploads\/2021\/05\/3-630x630.jpg 630w, https:\/\/jonfestival.com\/wp-content\/uploads\/2021\/05\/3-300x300.jpg 300w, https:\/\/jonfestival.com\/wp-content\/uploads\/2021\/05\/3-1024x1024.jpg 1024w, https:\/\/jonfestival.com\/wp-content\/uploads\/2021\/05\/3-150x150.jpg 150w, https:\/\/jonfestival.com\/wp-content\/uploads\/2021\/05\/3-768x768.jpg 768w, https:\/\/jonfestival.com\/wp-content\/uploads\/2021\/05\/3-370x370.jpg 370w, https:\/\/jonfestival.com\/wp-content\/uploads\/2021\/05\/3-120x120.jpg 120w, https:\/\/jonfestival.com\/wp-content\/uploads\/2021\/05\/3-840x840.jpg 840w, https:\/\/jonfestival.com\/wp-content\/uploads\/2021\/05\/3-410x410.jpg 410w, https:\/\/jonfestival.com\/wp-content\/uploads\/2021\/05\/3-600x600.jpg 600w, https:\/\/jonfestival.com\/wp-content\/uploads\/2021\/05\/3.jpg 1200w\" sizes=\"(max-width: 630px) 100vw, 630px\" \/><\/div>\n\t\t\t\t\t<div class=\"wc-block-grid__product-title\">Festival t-shirt<\/div>\n\t\t\t\t<\/a>\n\t\t\t\t<div class=\"wc-block-grid__product-price price\"><span class=\"woocommerce-Price-amount amount\"><span class=\"woocommerce-Price-currencySymbol\">&#036;<\/span>225.00<\/span><\/div>\n\t\t\t\t\n\t\t\t\t<div class=\"wp-block-button wc-block-grid__product-add-to-cart\"><a href=\"\/fr\/wp-json\/wp\/v2\/pages\/23032?add-to-cart=23446\" aria-label=\"Ajouter au panier\u00a0: &ldquo;Festival t-shirt&rdquo;\" data-quantity=\"1\" data-product_id=\"23446\" data-product_sku=\"\" data-price=\"225\" rel=\"nofollow\" class=\"wp-block-button__link  add_to_cart_button ajax_add_to_cart\">Ajouter au panier<\/a><\/div>\n\t\t\t<\/li><li class=\"wc-block-grid__product\">\n\t\t\t\t<a href=\"https:\/\/jonfestival.com\/fr\/produit\/festival-vinyl\/\" class=\"wc-block-grid__product-link\">\n\t\t\t\t\t\n\t\t\t\t\t<div class=\"wc-block-grid__product-image\"><img decoding=\"async\" width=\"630\" height=\"630\" src=\"https:\/\/jonfestival.com\/wp-content\/uploads\/2021\/05\/4-630x630.jpg\" class=\"attachment-woocommerce_thumbnail size-woocommerce_thumbnail\" alt=\"Festival Vinyl\" srcset=\"https:\/\/jonfestival.com\/wp-content\/uploads\/2021\/05\/4-630x630.jpg 630w, https:\/\/jonfestival.com\/wp-content\/uploads\/2021\/05\/4-300x300.jpg 300w, https:\/\/jonfestival.com\/wp-content\/uploads\/2021\/05\/4-1024x1024.jpg 1024w, https:\/\/jonfestival.com\/wp-content\/uploads\/2021\/05\/4-150x150.jpg 150w, https:\/\/jonfestival.com\/wp-content\/uploads\/2021\/05\/4-768x768.jpg 768w, https:\/\/jonfestival.com\/wp-content\/uploads\/2021\/05\/4-370x370.jpg 370w, https:\/\/jonfestival.com\/wp-content\/uploads\/2021\/05\/4-120x120.jpg 120w, https:\/\/jonfestival.com\/wp-content\/uploads\/2021\/05\/4-840x840.jpg 840w, https:\/\/jonfestival.com\/wp-content\/uploads\/2021\/05\/4-410x410.jpg 410w, https:\/\/jonfestival.com\/wp-content\/uploads\/2021\/05\/4-600x600.jpg 600w, https:\/\/jonfestival.com\/wp-content\/uploads\/2021\/05\/4.jpg 1200w\" sizes=\"(max-width: 630px) 100vw, 630px\" \/><\/div>\n\t\t\t\t\t<div class=\"wc-block-grid__product-title\">Festival Vinyl<\/div>\n\t\t\t\t<\/a>\n\t\t\t\t<div class=\"wc-block-grid__product-price price\"><span class=\"woocommerce-Price-amount amount\"><span class=\"woocommerce-Price-currencySymbol\">&#036;<\/span>39.00<\/span><\/div>\n\t\t\t\t\n\t\t\t\t<div class=\"wp-block-button wc-block-grid__product-add-to-cart\"><a href=\"\/fr\/wp-json\/wp\/v2\/pages\/23032?add-to-cart=23448\" aria-label=\"Ajouter au panier\u00a0: &ldquo;Festival Vinyl&rdquo;\" data-quantity=\"1\" data-product_id=\"23448\" data-product_sku=\"\" data-price=\"39\" rel=\"nofollow\" class=\"wp-block-button__link  add_to_cart_button ajax_add_to_cart\">Ajouter au panier<\/a><\/div>\n\t\t\t<\/li><li class=\"wc-block-grid__product\">\n\t\t\t\t<a href=\"https:\/\/jonfestival.com\/fr\/produit\/music-collection\/\" class=\"wc-block-grid__product-link\">\n\t\t\t\t\t\n\t\t\t\t\t<div class=\"wc-block-grid__product-image\"><img decoding=\"async\" width=\"630\" height=\"630\" src=\"https:\/\/jonfestival.com\/wp-content\/uploads\/2021\/05\/1-630x630.jpg\" class=\"attachment-woocommerce_thumbnail size-woocommerce_thumbnail\" alt=\"Music collection\" srcset=\"https:\/\/jonfestival.com\/wp-content\/uploads\/2021\/05\/1-630x630.jpg 630w, https:\/\/jonfestival.com\/wp-content\/uploads\/2021\/05\/1-300x300.jpg 300w, https:\/\/jonfestival.com\/wp-content\/uploads\/2021\/05\/1-1024x1024.jpg 1024w, https:\/\/jonfestival.com\/wp-content\/uploads\/2021\/05\/1-150x150.jpg 150w, https:\/\/jonfestival.com\/wp-content\/uploads\/2021\/05\/1-768x768.jpg 768w, https:\/\/jonfestival.com\/wp-content\/uploads\/2021\/05\/1-370x370.jpg 370w, https:\/\/jonfestival.com\/wp-content\/uploads\/2021\/05\/1-120x120.jpg 120w, https:\/\/jonfestival.com\/wp-content\/uploads\/2021\/05\/1-840x840.jpg 840w, https:\/\/jonfestival.com\/wp-content\/uploads\/2021\/05\/1-410x410.jpg 410w, https:\/\/jonfestival.com\/wp-content\/uploads\/2021\/05\/1-600x600.jpg 600w, https:\/\/jonfestival.com\/wp-content\/uploads\/2021\/05\/1.jpg 1200w\" sizes=\"(max-width: 630px) 100vw, 630px\" \/><\/div>\n\t\t\t\t\t<div class=\"wc-block-grid__product-title\">Music collection<\/div>\n\t\t\t\t<\/a>\n\t\t\t\t<div class=\"wc-block-grid__product-price price\"><span class=\"woocommerce-Price-amount amount\"><span class=\"woocommerce-Price-currencySymbol\">&#036;<\/span>28.00<\/span><\/div>\n\t\t\t\t\n\t\t\t\t<div class=\"wp-block-button wc-block-grid__product-add-to-cart\"><a href=\"https:\/\/www.amazon.com\/\" aria-label=\"Buy on Amazon\" data-quantity=\"1\" data-product_id=\"23449\" data-product_sku=\"\" data-price=\"28\" rel=\"nofollow\" class=\"wp-block-button__link  add_to_cart_button\">Buy on Amazon<\/a><\/div>\n\t\t\t<\/li><li class=\"wc-block-grid__product\">\n\t\t\t\t<a href=\"https:\/\/jonfestival.com\/fr\/produit\/bluetooth-headset\/\" class=\"wc-block-grid__product-link\">\n\t\t\t\t\t<div class=\"wc-block-grid__product-onsale\">\n\t\t\t<span aria-hidden=\"true\">Promo<\/span>\n\t\t\t<span class=\"screen-reader-text\">Produit en promotion<\/span>\n\t\t<\/div>\n\t\t\t\t\t<div class=\"wc-block-grid__product-image\"><img loading=\"lazy\" decoding=\"async\" width=\"630\" height=\"630\" src=\"https:\/\/jonfestival.com\/wp-content\/uploads\/2021\/05\/5-630x630.jpg\" class=\"attachment-woocommerce_thumbnail size-woocommerce_thumbnail\" alt=\"Bluetooth headset\" srcset=\"https:\/\/jonfestival.com\/wp-content\/uploads\/2021\/05\/5-630x630.jpg 630w, https:\/\/jonfestival.com\/wp-content\/uploads\/2021\/05\/5-300x300.jpg 300w, https:\/\/jonfestival.com\/wp-content\/uploads\/2021\/05\/5-1024x1024.jpg 1024w, https:\/\/jonfestival.com\/wp-content\/uploads\/2021\/05\/5-150x150.jpg 150w, https:\/\/jonfestival.com\/wp-content\/uploads\/2021\/05\/5-768x768.jpg 768w, https:\/\/jonfestival.com\/wp-content\/uploads\/2021\/05\/5-370x370.jpg 370w, https:\/\/jonfestival.com\/wp-content\/uploads\/2021\/05\/5-120x120.jpg 120w, https:\/\/jonfestival.com\/wp-content\/uploads\/2021\/05\/5-840x840.jpg 840w, https:\/\/jonfestival.com\/wp-content\/uploads\/2021\/05\/5-410x410.jpg 410w, https:\/\/jonfestival.com\/wp-content\/uploads\/2021\/05\/5-600x600.jpg 600w, https:\/\/jonfestival.com\/wp-content\/uploads\/2021\/05\/5.jpg 1200w\" sizes=\"(max-width: 630px) 100vw, 630px\" \/><\/div>\n\t\t\t\t\t<div class=\"wc-block-grid__product-title\">Bluetooth headset<\/div>\n\t\t\t\t<\/a>\n\t\t\t\t<div class=\"wc-block-grid__product-price price\"><del aria-hidden=\"true\"><span class=\"woocommerce-Price-amount amount\"><span class=\"woocommerce-Price-currencySymbol\">&#036;<\/span>95.00<\/span><\/del> <span class=\"screen-reader-text\">Le prix initial \u00e9tait\u00a0: &#036;95.00.<\/span><ins aria-hidden=\"true\"><span class=\"woocommerce-Price-amount amount\"><span class=\"woocommerce-Price-currencySymbol\">&#036;<\/span>80.00<\/span><\/ins><span class=\"screen-reader-text\">Le prix actuel est\u00a0: &#036;80.00.<\/span><\/div>\n\t\t\t\t\n\t\t\t\t<div class=\"wp-block-button wc-block-grid__product-add-to-cart\"><a href=\"\/fr\/wp-json\/wp\/v2\/pages\/23032?add-to-cart=23450\" aria-label=\"Ajouter au panier\u00a0: &ldquo;Bluetooth headset&rdquo;\" data-quantity=\"1\" data-product_id=\"23450\" data-product_sku=\"\" data-price=\"80\" rel=\"nofollow\" class=\"wp-block-button__link  add_to_cart_button ajax_add_to_cart\">Ajouter au panier<\/a><\/div>\n\t\t\t<\/li><\/ul><\/div><\/div>\n<\/div>\n","protected":false},"excerpt":{"rendered":"","protected":false},"author":1,"featured_media":0,"parent":0,"menu_order":0,"comment_status":"closed","ping_status":"closed","template":"","meta":{"footnotes":""},"class_list":["post-23032","page","type-page","status-publish","hentry"],"yoast_head":"<!-- This site is optimized with the Yoast SEO plugin v26.8 - https:\/\/yoast.com\/product\/yoast-seo-wordpress\/ -->\n<title>Chariot - JON<\/title>\n<meta name=\"robots\" content=\"index, follow, max-snippet:-1, max-image-preview:large, max-video-preview:-1\" \/>\n<link rel=\"canonical\" href=\"https:\/\/jonfestival.com\/fr\/panier\/\" \/>\n<meta property=\"og:locale\" content=\"fr_FR\" \/>\n<meta property=\"og:type\" content=\"article\" \/>\n<meta property=\"og:title\" content=\"Chariot - JON\" \/>\n<meta property=\"og:url\" content=\"https:\/\/jonfestival.com\/fr\/panier\/\" \/>\n<meta property=\"og:site_name\" content=\"JON\" \/>\n<meta property=\"article:modified_time\" content=\"2024-07-04T12:52:58+00:00\" \/>\n<meta name=\"twitter:card\" content=\"summary_large_image\" \/>\n<script type=\"application\/ld+json\" class=\"yoast-schema-graph\">{\"@context\":\"https:\/\/schema.org\",\"@graph\":[{\"@type\":\"WebPage\",\"@id\":\"https:\/\/jonfestival.com\/fr\/panier\/\",\"url\":\"https:\/\/jonfestival.com\/fr\/panier\/\",\"name\":\"Chariot - JON\",\"isPartOf\":{\"@id\":\"https:\/\/jonfestival.com\/fr\/#website\"},\"datePublished\":\"2024-07-04T11:58:08+00:00\",\"dateModified\":\"2024-07-04T12:52:58+00:00\",\"breadcrumb\":{\"@id\":\"https:\/\/jonfestival.com\/fr\/panier\/#breadcrumb\"},\"inLanguage\":\"fr-FR\",\"potentialAction\":[{\"@type\":\"ReadAction\",\"target\":[\"https:\/\/jonfestival.com\/fr\/panier\/\"]}]},{\"@type\":\"BreadcrumbList\",\"@id\":\"https:\/\/jonfestival.com\/fr\/panier\/#breadcrumb\",\"itemListElement\":[{\"@type\":\"ListItem\",\"position\":1,\"name\":\"Home\",\"item\":\"https:\/\/jonfestival.com\/fr\/\"},{\"@type\":\"ListItem\",\"position\":2,\"name\":\"Chariot\"}]},{\"@type\":\"WebSite\",\"@id\":\"https:\/\/jonfestival.com\/fr\/#website\",\"url\":\"https:\/\/jonfestival.com\/fr\/\",\"name\":\"JON\",\"description\":\"Music Festivals &amp; Concerts\",\"publisher\":{\"@id\":\"https:\/\/jonfestival.com\/fr\/#organization\"},\"potentialAction\":[{\"@type\":\"SearchAction\",\"target\":{\"@type\":\"EntryPoint\",\"urlTemplate\":\"https:\/\/jonfestival.com\/fr\/?s={search_term_string}\"},\"query-input\":{\"@type\":\"PropertyValueSpecification\",\"valueRequired\":true,\"valueName\":\"search_term_string\"}}],\"inLanguage\":\"fr-FR\"},{\"@type\":\"Organization\",\"@id\":\"https:\/\/jonfestival.com\/fr\/#organization\",\"name\":\"JON\",\"url\":\"https:\/\/jonfestival.com\/fr\/\",\"logo\":{\"@type\":\"ImageObject\",\"inLanguage\":\"fr-FR\",\"@id\":\"https:\/\/jonfestival.com\/fr\/#\/schema\/logo\/image\/\",\"url\":\"https:\/\/jonfestival.com\/wp-content\/uploads\/2022\/12\/Untitled-design-32.png\",\"contentUrl\":\"https:\/\/jonfestival.com\/wp-content\/uploads\/2022\/12\/Untitled-design-32.png\",\"width\":500,\"height\":500,\"caption\":\"JON\"},\"image\":{\"@id\":\"https:\/\/jonfestival.com\/fr\/#\/schema\/logo\/image\/\"}}]}<\/script>\n<!-- \/ Yoast SEO plugin. -->","yoast_head_json":{"title":"Chariot - JON","robots":{"index":"index","follow":"follow","max-snippet":"max-snippet:-1","max-image-preview":"max-image-preview:large","max-video-preview":"max-video-preview:-1"},"canonical":"https:\/\/jonfestival.com\/fr\/panier\/","og_locale":"fr_FR","og_type":"article","og_title":"Chariot - JON","og_url":"https:\/\/jonfestival.com\/fr\/panier\/","og_site_name":"JON","article_modified_time":"2024-07-04T12:52:58+00:00","twitter_card":"summary_large_image","schema":{"@context":"https:\/\/schema.org","@graph":[{"@type":"WebPage","@id":"https:\/\/jonfestival.com\/fr\/panier\/","url":"https:\/\/jonfestival.com\/fr\/panier\/","name":"Chariot - JON","isPartOf":{"@id":"https:\/\/jonfestival.com\/fr\/#website"},"datePublished":"2024-07-04T11:58:08+00:00","dateModified":"2024-07-04T12:52:58+00:00","breadcrumb":{"@id":"https:\/\/jonfestival.com\/fr\/panier\/#breadcrumb"},"inLanguage":"fr-FR","potentialAction":[{"@type":"ReadAction","target":["https:\/\/jonfestival.com\/fr\/panier\/"]}]},{"@type":"BreadcrumbList","@id":"https:\/\/jonfestival.com\/fr\/panier\/#breadcrumb","itemListElement":[{"@type":"ListItem","position":1,"name":"Home","item":"https:\/\/jonfestival.com\/fr\/"},{"@type":"ListItem","position":2,"name":"Chariot"}]},{"@type":"WebSite","@id":"https:\/\/jonfestival.com\/fr\/#website","url":"https:\/\/jonfestival.com\/fr\/","name":"JON","description":"Music Festivals &amp; Concerts","publisher":{"@id":"https:\/\/jonfestival.com\/fr\/#organization"},"potentialAction":[{"@type":"SearchAction","target":{"@type":"EntryPoint","urlTemplate":"https:\/\/jonfestival.com\/fr\/?s={search_term_string}"},"query-input":{"@type":"PropertyValueSpecification","valueRequired":true,"valueName":"search_term_string"}}],"inLanguage":"fr-FR"},{"@type":"Organization","@id":"https:\/\/jonfestival.com\/fr\/#organization","name":"JON","url":"https:\/\/jonfestival.com\/fr\/","logo":{"@type":"ImageObject","inLanguage":"fr-FR","@id":"https:\/\/jonfestival.com\/fr\/#\/schema\/logo\/image\/","url":"https:\/\/jonfestival.com\/wp-content\/uploads\/2022\/12\/Untitled-design-32.png","contentUrl":"https:\/\/jonfestival.com\/wp-content\/uploads\/2022\/12\/Untitled-design-32.png","width":500,"height":500,"caption":"JON"},"image":{"@id":"https:\/\/jonfestival.com\/fr\/#\/schema\/logo\/image\/"}}]}},"_links":{"self":[{"href":"https:\/\/jonfestival.com\/fr\/wp-json\/wp\/v2\/pages\/23032","targetHints":{"allow":["GET"]}}],"collection":[{"href":"https:\/\/jonfestival.com\/fr\/wp-json\/wp\/v2\/pages"}],"about":[{"href":"https:\/\/jonfestival.com\/fr\/wp-json\/wp\/v2\/types\/page"}],"author":[{"embeddable":true,"href":"https:\/\/jonfestival.com\/fr\/wp-json\/wp\/v2\/users\/1"}],"replies":[{"embeddable":true,"href":"https:\/\/jonfestival.com\/fr\/wp-json\/wp\/v2\/comments?post=23032"}],"version-history":[{"count":2,"href":"https:\/\/jonfestival.com\/fr\/wp-json\/wp\/v2\/pages\/23032\/revisions"}],"predecessor-version":[{"id":23239,"href":"https:\/\/jonfestival.com\/fr\/wp-json\/wp\/v2\/pages\/23032\/revisions\/23239"}],"wp:attachment":[{"href":"https:\/\/jonfestival.com\/fr\/wp-json\/wp\/v2\/media?parent=23032"}],"curies":[{"name":"wp","href":"https:\/\/api.w.org\/{rel}","templated":true}]}}