{"id":23229,"date":"2022-03-06T21:07:47","date_gmt":"2022-03-06T21:07:47","guid":{"rendered":"https:\/\/jonfestival.com\/about-us\/"},"modified":"2024-07-04T12:44:22","modified_gmt":"2024-07-04T12:44:22","slug":"about-us","status":"publish","type":"page","link":"https:\/\/jonfestival.com\/fr\/about-us\/","title":{"rendered":"About Us"},"content":{"rendered":"\t\t<div data-elementor-type=\"wp-page\" data-elementor-id=\"23229\" class=\"elementor elementor-23229 elementor-17954\" data-elementor-post-type=\"page\">\n\t\t\t\t\t\t<section class=\"trx_addons_has_bg_text elementor-section elementor-top-section elementor-element elementor-element-1b61baf elementor-section-height-min-height sc_layouts_hide_on_wide sc_layouts_hide_on_desktop sc_layouts_hide_on_notebook sc_layouts_hide_on_tablet sc_layouts_hide_on_mobile elementor-section-boxed elementor-section-height-default elementor-section-items-middle sc_fly_static\" data-bg-text=\"{&quot;bg_text&quot;:&quot;Discover Your Own Rhythm with Us &lt;div&gt;&lt;\\\/div&gt;&quot;,&quot;bg_text_effect&quot;:&quot;none&quot;,&quot;bg_text_overlay&quot;:{&quot;url&quot;:&quot;&quot;,&quot;id&quot;:&quot;&quot;,&quot;size&quot;:&quot;&quot;},&quot;bg_text_left&quot;:{&quot;unit&quot;:&quot;%&quot;,&quot;size&quot;:&quot;&quot;,&quot;sizes&quot;:[]},&quot;bg_text_top&quot;:{&quot;unit&quot;:&quot;px&quot;,&quot;size&quot;:21,&quot;sizes&quot;:[]},&quot;bg_text_z_index&quot;:{&quot;unit&quot;:&quot;px&quot;,&quot;size&quot;:&quot;0&quot;,&quot;sizes&quot;:[]},&quot;bg_text_marquee&quot;:{&quot;unit&quot;:&quot;px&quot;,&quot;size&quot;:10,&quot;sizes&quot;:[]},&quot;bg_text_marquee_hover&quot;:&quot;&quot;,&quot;bg_text_marquee_margin&quot;:{&quot;unit&quot;:&quot;px&quot;,&quot;size&quot;:&quot;50&quot;,&quot;sizes&quot;:[]},&quot;bg_text_reverse&quot;:0,&quot;bg_text_accelerate&quot;:0,&quot;bg_text_delimiter_icon&quot;:&quot;&quot;,&quot;bg_text_delimiter_image&quot;:&quot;&quot;,&quot;bg_text_delimiter_svg&quot;:&quot;&quot;,&quot;bg_text_delimiter_rotation&quot;:0}\" data-id=\"1b61baf\" data-element_type=\"section\" data-e-type=\"section\" data-settings=\"{&quot;background_background&quot;:&quot;classic&quot;}\">\n\t\t\t\t\t\t<div class=\"elementor-container elementor-column-gap-extended\">\n\t\t\t\t\t<div class=\"elementor-column elementor-col-100 elementor-top-column elementor-element elementor-element-a184952 sc_inner_width_none sc_content_align_inherit sc_layouts_column_icons_position_left sc_fly_static\" data-id=\"a184952\" data-element_type=\"column\" data-e-type=\"column\">\n\t\t\t<div class=\"elementor-widget-wrap\">\n\t\t\t\t\t\t\t<\/div>\n\t\t<\/div>\n\t\t\t\t\t<\/div>\n\t\t<\/section>\n\t\t\t\t<section class=\"elementor-section elementor-top-section elementor-element elementor-element-535a2bd elementor-section-boxed elementor-section-height-default elementor-section-height-default sc_fly_static\" data-id=\"535a2bd\" data-element_type=\"section\" data-e-type=\"section\">\n\t\t\t\t\t\t<div class=\"elementor-container elementor-column-gap-extended\">\n\t\t\t\t\t<div class=\"elementor-column elementor-col-100 elementor-top-column elementor-element elementor-element-cc222f3 sc_inner_width_none sc_content_align_inherit sc_layouts_column_icons_position_left sc_fly_static\" data-id=\"cc222f3\" data-element_type=\"column\" data-e-type=\"column\">\n\t\t\t<div class=\"elementor-widget-wrap elementor-element-populated\">\n\t\t\t\t\t\t<div class=\"elementor-element elementor-element-bf37a64 sc_height_huge sc_fly_static elementor-widget elementor-widget-spacer\" data-id=\"bf37a64\" data-element_type=\"widget\" data-e-type=\"widget\" data-widget_type=\"spacer.default\">\n\t\t\t\t<div class=\"elementor-widget-container\">\n\t\t\t\t\t\t\t<div class=\"elementor-spacer\">\n\t\t\t<div class=\"elementor-spacer-inner\"><\/div>\n\t\t<\/div>\n\t\t\t\t\t\t<\/div>\n\t\t\t\t<\/div>\n\t\t\t\t<section class=\"elementor-section elementor-inner-section elementor-element elementor-element-104696c elementor-section-content-middle elementor-section-boxed elementor-section-height-default elementor-section-height-default sc_fly_static\" data-id=\"104696c\" data-element_type=\"section\" data-e-type=\"section\">\n\t\t\t\t\t\t<div class=\"elementor-container elementor-column-gap-extended\">\n\t\t\t\t\t<div class=\"elementor-column elementor-col-50 elementor-inner-column elementor-element elementor-element-973d307 sc_inner_width_none sc_content_align_inherit sc_layouts_column_icons_position_left sc_fly_static\" data-id=\"973d307\" data-element_type=\"column\" data-e-type=\"column\">\n\t\t\t<div class=\"elementor-widget-wrap elementor-element-populated\">\n\t\t\t\t\t\t<div class=\"elementor-element elementor-element-7f2d39f elementor-widget__width-auto animation_type_block sc_fly_static elementor-invisible elementor-widget elementor-widget-image\" data-id=\"7f2d39f\" data-element_type=\"widget\" data-e-type=\"widget\" data-settings=\"{&quot;_animation&quot;:&quot;muzicon-infinite-rotate&quot;}\" data-widget_type=\"image.default\">\n\t\t\t\t<div class=\"elementor-widget-container\">\n\t\t\t\t\t\t\t\t\t\t\t\t\t\t\t<img fetchpriority=\"high\" decoding=\"async\" width=\"330\" height=\"330\" src=\"https:\/\/jonfestival.com\/wp-content\/uploads\/2022\/03\/about_us_white_2.svg\" class=\"attachment-full size-full wp-image-23055\" alt=\"\" \/>\t\t\t\t\t\t\t\t\t\t\t\t\t\t\t<\/div>\n\t\t\t\t<\/div>\n\t\t\t\t\t<\/div>\n\t\t<\/div>\n\t\t\t\t<div class=\"elementor-column elementor-col-50 elementor-inner-column elementor-element elementor-element-8ebe74c sc_inner_width_none sc_content_align_inherit sc_layouts_column_icons_position_left sc_fly_static\" data-id=\"8ebe74c\" data-element_type=\"column\" data-e-type=\"column\">\n\t\t\t<div class=\"elementor-widget-wrap elementor-element-populated\">\n\t\t\t\t\t\t<div class=\"elementor-element elementor-element-6c261b3 sc_fly_static elementor-widget elementor-widget-trx_sc_title\" data-id=\"6c261b3\" data-element_type=\"widget\" data-e-type=\"widget\" data-widget_type=\"trx_sc_title.default\">\n\t\t\t\t<div class=\"elementor-widget-container\">\n\t\t\t\t\t<div\t\tclass=\"sc_title color_style_link2 sc_title_default\" ><span class=\"sc_item_subtitle sc_title_subtitle sc_item_subtitle_above sc_item_title_style_default\">L'\u00e9v\u00e9nement principal<\/span><h1 class=\"sc_item_title sc_title_title sc_item_title_style_default sc_item_title_tag trx_addons_inline_1358174251\"\n\t\t\t><span class=\"sc_item_title_text\">JON FESTIVAL<\/span><\/h1><\/div>\t\t\t\t<\/div>\n\t\t\t\t<\/div>\n\t\t\t\t<div class=\"elementor-element elementor-element-fcbcd23 sc_height_small sc_fly_static elementor-widget elementor-widget-spacer\" data-id=\"fcbcd23\" data-element_type=\"widget\" data-e-type=\"widget\" data-widget_type=\"spacer.default\">\n\t\t\t\t<div class=\"elementor-widget-container\">\n\t\t\t\t\t\t\t<div class=\"elementor-spacer\">\n\t\t\t<div class=\"elementor-spacer-inner\"><\/div>\n\t\t<\/div>\n\t\t\t\t\t\t<\/div>\n\t\t\t\t<\/div>\n\t\t\t\t<div class=\"elementor-element elementor-element-36c6bb2 sc_fly_static elementor-widget elementor-widget-text-editor\" data-id=\"36c6bb2\" data-element_type=\"widget\" data-e-type=\"widget\" data-widget_type=\"text-editor.default\">\n\t\t\t\t<div class=\"elementor-widget-container\">\n\t\t\t\t\t\t\t\t\t<p>En 2016, un petit groupe d&#8217;entre nous s&#8217;est r\u00e9uni pour organiser un \u00e9v\u00e9nement local pour les \u00e9tudiants. Nous voulions un \u00e9v\u00e9nement qui permette d&#8217;atteindre le plus grand nombre d&#8217;\u00e9tudiants avec l&#8217;\u00c9vangile d&#8217;une mani\u00e8re amusante et engageante. Apr\u00e8s des mois de planification et de pri\u00e8res attentives, le festival a vu le jour. Aucun d&#8217;entre nous n&#8217;avait d&#8217;exp\u00e9rience en mati\u00e8re de festivals en plein air, mais nous \u00e9tions anim\u00e9s par le d\u00e9sir d&#8217;apporter de l&#8217;espoir \u00e0 la prochaine g\u00e9n\u00e9ration. La premi\u00e8re ann\u00e9e, l&#8217;ascension a \u00e9t\u00e9 rude et la courbe d&#8217;apprentissage \u00e9norme. Mais nous nous en sommes sortis. Aujourd&#8217;hui, pr\u00e8s de sept ans plus tard, JON apporte de l&#8217;espoir \u00e0 une nouvelle g\u00e9n\u00e9ration d&#8217;\u00e9tudiants confront\u00e9s au d\u00e9sespoir et \u00e0 un avenir incertain. Notre festival incorpore de la musique live avec des messages \u00e9vang\u00e9liques puissants pour faire briller la lumi\u00e8re du Christ au Canada.<\/p>\n\t\t\t\t\t\t\t\t<\/div>\n\t\t\t\t<\/div>\n\t\t\t\t<div class=\"elementor-element elementor-element-989aa41 sc_fly_static elementor-widget elementor-widget-trx_sc_button\" data-id=\"989aa41\" data-element_type=\"widget\" data-e-type=\"widget\" data-widget_type=\"trx_sc_button.default\">\n\t\t\t\t<div class=\"elementor-widget-container\">\n\t\t\t\t\t<div\tclass=\"sc_item_button sc_button_wrap\" ><a href=\"https:\/\/jonfestival.com\/contact\/\" class=\"sc_button sc_button_default sc_button_size_normal sc_button_icon_left color_style_dark\" style=\"background:#00B9FF;\ncolor:#fff;\" ><span class=\"sc_button_text\"><span class=\"sc_button_title\">Nous contacter<\/span><\/span><\/a><\/div>\t\t\t\t<\/div>\n\t\t\t\t<\/div>\n\t\t\t\t\t<\/div>\n\t\t<\/div>\n\t\t\t\t\t<\/div>\n\t\t<\/section>\n\t\t\t\t<div class=\"elementor-element elementor-element-fc34bf3 sc_height_huge sc_fly_static elementor-widget elementor-widget-spacer\" data-id=\"fc34bf3\" data-element_type=\"widget\" data-e-type=\"widget\" data-widget_type=\"spacer.default\">\n\t\t\t\t<div class=\"elementor-widget-container\">\n\t\t\t\t\t\t\t<div class=\"elementor-spacer\">\n\t\t\t<div class=\"elementor-spacer-inner\"><\/div>\n\t\t<\/div>\n\t\t\t\t\t\t<\/div>\n\t\t\t\t<\/div>\n\t\t\t\t\t<\/div>\n\t\t<\/div>\n\t\t\t\t\t<\/div>\n\t\t<\/section>\n\t\t\t\t<section class=\"elementor-section elementor-top-section elementor-element elementor-element-e537e6b scheme_default elementor-section-boxed elementor-section-height-default elementor-section-height-default sc_fly_static\" data-id=\"e537e6b\" data-element_type=\"section\" data-e-type=\"section\" data-settings=\"{&quot;background_background&quot;:&quot;classic&quot;}\">\n\t\t\t\t\t\t<div class=\"elementor-container elementor-column-gap-extended\">\n\t\t\t\t\t<div class=\"elementor-column elementor-col-100 elementor-top-column elementor-element elementor-element-3e4ea35 sc_inner_width_none sc_content_align_inherit sc_layouts_column_icons_position_left sc_fly_static\" data-id=\"3e4ea35\" data-element_type=\"column\" data-e-type=\"column\">\n\t\t\t<div class=\"elementor-widget-wrap elementor-element-populated\">\n\t\t\t\t\t\t<div class=\"elementor-element elementor-element-30dc35d sc_height_huge sc_fly_static elementor-widget elementor-widget-spacer\" data-id=\"30dc35d\" data-element_type=\"widget\" data-e-type=\"widget\" data-widget_type=\"spacer.default\">\n\t\t\t\t<div class=\"elementor-widget-container\">\n\t\t\t\t\t\t\t<div class=\"elementor-spacer\">\n\t\t\t<div class=\"elementor-spacer-inner\"><\/div>\n\t\t<\/div>\n\t\t\t\t\t\t<\/div>\n\t\t\t\t<\/div>\n\t\t\t\t\t<\/div>\n\t\t<\/div>\n\t\t\t\t\t<\/div>\n\t\t<\/section>\n\t\t\t\t<section class=\"trx_addons_has_bg_text elementor-section elementor-top-section elementor-element elementor-element-0fa992b elementor-section-height-min-height sc_layouts_hide_on_wide sc_layouts_hide_on_desktop sc_layouts_hide_on_notebook sc_layouts_hide_on_tablet sc_layouts_hide_on_mobile elementor-section-boxed elementor-section-height-default elementor-section-items-middle sc_fly_static\" data-bg-text=\"{&quot;bg_text&quot;:&quot;The Most Anticipated Music Event&lt;div&gt;&lt;\\\/div&gt;&quot;,&quot;bg_text_effect&quot;:&quot;none&quot;,&quot;bg_text_overlay&quot;:{&quot;url&quot;:&quot;&quot;,&quot;id&quot;:&quot;&quot;,&quot;size&quot;:&quot;&quot;},&quot;bg_text_left&quot;:{&quot;unit&quot;:&quot;%&quot;,&quot;size&quot;:&quot;&quot;,&quot;sizes&quot;:[]},&quot;bg_text_top&quot;:{&quot;unit&quot;:&quot;px&quot;,&quot;size&quot;:21,&quot;sizes&quot;:[]},&quot;bg_text_z_index&quot;:{&quot;unit&quot;:&quot;px&quot;,&quot;size&quot;:&quot;0&quot;,&quot;sizes&quot;:[]},&quot;bg_text_marquee&quot;:{&quot;unit&quot;:&quot;px&quot;,&quot;size&quot;:10,&quot;sizes&quot;:[]},&quot;bg_text_marquee_hover&quot;:&quot;&quot;,&quot;bg_text_marquee_margin&quot;:{&quot;unit&quot;:&quot;px&quot;,&quot;size&quot;:&quot;50&quot;,&quot;sizes&quot;:[]},&quot;bg_text_reverse&quot;:0,&quot;bg_text_accelerate&quot;:0,&quot;bg_text_delimiter_icon&quot;:&quot;&quot;,&quot;bg_text_delimiter_image&quot;:&quot;&quot;,&quot;bg_text_delimiter_svg&quot;:&quot;&quot;,&quot;bg_text_delimiter_rotation&quot;:0}\" data-id=\"0fa992b\" data-element_type=\"section\" data-e-type=\"section\" data-settings=\"{&quot;background_background&quot;:&quot;classic&quot;}\">\n\t\t\t\t\t\t<div class=\"elementor-container elementor-column-gap-extended\">\n\t\t\t\t\t<div class=\"elementor-column elementor-col-100 elementor-top-column elementor-element elementor-element-6f1ac2e sc_inner_width_none sc_content_align_inherit sc_layouts_column_icons_position_left sc_fly_static\" data-id=\"6f1ac2e\" data-element_type=\"column\" data-e-type=\"column\">\n\t\t\t<div class=\"elementor-widget-wrap\">\n\t\t\t\t\t\t\t<\/div>\n\t\t<\/div>\n\t\t\t\t\t<\/div>\n\t\t<\/section>\n\t\t\t\t<\/div>\n\t\t","protected":false},"excerpt":{"rendered":"<p>L&#8217;\u00e9v\u00e9nement principal JON FESTIVAL En 2016, un petit groupe d&#8217;entre nous s&#8217;est r\u00e9uni pour organiser un \u00e9v\u00e9nement local pour les \u00e9tudiants. Nous voulions un \u00e9v\u00e9nement qui permette d&#8217;atteindre le plus&hellip;<\/p>\n","protected":false},"author":1,"featured_media":0,"parent":0,"menu_order":0,"comment_status":"closed","ping_status":"closed","template":"","meta":{"footnotes":""},"class_list":["post-23229","page","type-page","status-publish","hentry"],"yoast_head":"<!-- This site is optimized with the Yoast SEO plugin v26.8 - https:\/\/yoast.com\/product\/yoast-seo-wordpress\/ -->\n<title>About Us - JON<\/title>\n<meta name=\"robots\" content=\"index, follow, max-snippet:-1, max-image-preview:large, max-video-preview:-1\" \/>\n<link rel=\"canonical\" href=\"https:\/\/jonfestival.com\/fr\/about-us\/\" \/>\n<meta property=\"og:locale\" content=\"fr_FR\" \/>\n<meta property=\"og:type\" content=\"article\" \/>\n<meta property=\"og:title\" content=\"About Us - JON\" \/>\n<meta property=\"og:description\" content=\"L&#8217;\u00e9v\u00e9nement principal JON FESTIVAL En 2016, un petit groupe d&#8217;entre nous s&#8217;est r\u00e9uni pour organiser un \u00e9v\u00e9nement local pour les \u00e9tudiants. Nous voulions un \u00e9v\u00e9nement qui permette d&#8217;atteindre le plus&hellip;\" \/>\n<meta property=\"og:url\" content=\"https:\/\/jonfestival.com\/fr\/about-us\/\" \/>\n<meta property=\"og:site_name\" content=\"JON\" \/>\n<meta property=\"article:modified_time\" content=\"2024-07-04T12:44:22+00:00\" \/>\n<meta property=\"og:image\" content=\"https:\/\/jonfestival.com\/wp-content\/uploads\/2022\/03\/about_us_white_2.svg\" \/>\n<meta name=\"twitter:card\" content=\"summary_large_image\" \/>\n<meta name=\"twitter:label1\" content=\"Dur\u00e9e de lecture estim\u00e9e\" \/>\n\t<meta name=\"twitter:data1\" content=\"1 minute\" \/>\n<script type=\"application\/ld+json\" class=\"yoast-schema-graph\">{\"@context\":\"https:\/\/schema.org\",\"@graph\":[{\"@type\":\"WebPage\",\"@id\":\"https:\/\/jonfestival.com\/fr\/about-us\/\",\"url\":\"https:\/\/jonfestival.com\/fr\/about-us\/\",\"name\":\"About Us - JON\",\"isPartOf\":{\"@id\":\"https:\/\/jonfestival.com\/fr\/#website\"},\"primaryImageOfPage\":{\"@id\":\"https:\/\/jonfestival.com\/fr\/about-us\/#primaryimage\"},\"image\":{\"@id\":\"https:\/\/jonfestival.com\/fr\/about-us\/#primaryimage\"},\"thumbnailUrl\":\"https:\/\/jonfestival.com\/wp-content\/uploads\/2022\/03\/about_us_white_2.svg\",\"datePublished\":\"2022-03-06T21:07:47+00:00\",\"dateModified\":\"2024-07-04T12:44:22+00:00\",\"breadcrumb\":{\"@id\":\"https:\/\/jonfestival.com\/fr\/about-us\/#breadcrumb\"},\"inLanguage\":\"fr-FR\",\"potentialAction\":[{\"@type\":\"ReadAction\",\"target\":[\"https:\/\/jonfestival.com\/fr\/about-us\/\"]}]},{\"@type\":\"ImageObject\",\"inLanguage\":\"fr-FR\",\"@id\":\"https:\/\/jonfestival.com\/fr\/about-us\/#primaryimage\",\"url\":\"https:\/\/jonfestival.com\/wp-content\/uploads\/2022\/03\/about_us_white_2.svg\",\"contentUrl\":\"https:\/\/jonfestival.com\/wp-content\/uploads\/2022\/03\/about_us_white_2.svg\"},{\"@type\":\"BreadcrumbList\",\"@id\":\"https:\/\/jonfestival.com\/fr\/about-us\/#breadcrumb\",\"itemListElement\":[{\"@type\":\"ListItem\",\"position\":1,\"name\":\"Home\",\"item\":\"https:\/\/jonfestival.com\/fr\/\"},{\"@type\":\"ListItem\",\"position\":2,\"name\":\"About Us\"}]},{\"@type\":\"WebSite\",\"@id\":\"https:\/\/jonfestival.com\/fr\/#website\",\"url\":\"https:\/\/jonfestival.com\/fr\/\",\"name\":\"JON\",\"description\":\"Music Festivals &amp; Concerts\",\"publisher\":{\"@id\":\"https:\/\/jonfestival.com\/fr\/#organization\"},\"potentialAction\":[{\"@type\":\"SearchAction\",\"target\":{\"@type\":\"EntryPoint\",\"urlTemplate\":\"https:\/\/jonfestival.com\/fr\/?s={search_term_string}\"},\"query-input\":{\"@type\":\"PropertyValueSpecification\",\"valueRequired\":true,\"valueName\":\"search_term_string\"}}],\"inLanguage\":\"fr-FR\"},{\"@type\":\"Organization\",\"@id\":\"https:\/\/jonfestival.com\/fr\/#organization\",\"name\":\"JON\",\"url\":\"https:\/\/jonfestival.com\/fr\/\",\"logo\":{\"@type\":\"ImageObject\",\"inLanguage\":\"fr-FR\",\"@id\":\"https:\/\/jonfestival.com\/fr\/#\/schema\/logo\/image\/\",\"url\":\"https:\/\/jonfestival.com\/wp-content\/uploads\/2022\/12\/Untitled-design-32.png\",\"contentUrl\":\"https:\/\/jonfestival.com\/wp-content\/uploads\/2022\/12\/Untitled-design-32.png\",\"width\":500,\"height\":500,\"caption\":\"JON\"},\"image\":{\"@id\":\"https:\/\/jonfestival.com\/fr\/#\/schema\/logo\/image\/\"}}]}<\/script>\n<!-- \/ Yoast SEO plugin. -->","yoast_head_json":{"title":"About Us - JON","robots":{"index":"index","follow":"follow","max-snippet":"max-snippet:-1","max-image-preview":"max-image-preview:large","max-video-preview":"max-video-preview:-1"},"canonical":"https:\/\/jonfestival.com\/fr\/about-us\/","og_locale":"fr_FR","og_type":"article","og_title":"About Us - JON","og_description":"L&#8217;\u00e9v\u00e9nement principal JON FESTIVAL En 2016, un petit groupe d&#8217;entre nous s&#8217;est r\u00e9uni pour organiser un \u00e9v\u00e9nement local pour les \u00e9tudiants. Nous voulions un \u00e9v\u00e9nement qui permette d&#8217;atteindre le plus&hellip;","og_url":"https:\/\/jonfestival.com\/fr\/about-us\/","og_site_name":"JON","article_modified_time":"2024-07-04T12:44:22+00:00","og_image":[{"url":"https:\/\/jonfestival.com\/wp-content\/uploads\/2022\/03\/about_us_white_2.svg","type":"","width":"","height":""}],"twitter_card":"summary_large_image","twitter_misc":{"Dur\u00e9e de lecture estim\u00e9e":"1 minute"},"schema":{"@context":"https:\/\/schema.org","@graph":[{"@type":"WebPage","@id":"https:\/\/jonfestival.com\/fr\/about-us\/","url":"https:\/\/jonfestival.com\/fr\/about-us\/","name":"About Us - JON","isPartOf":{"@id":"https:\/\/jonfestival.com\/fr\/#website"},"primaryImageOfPage":{"@id":"https:\/\/jonfestival.com\/fr\/about-us\/#primaryimage"},"image":{"@id":"https:\/\/jonfestival.com\/fr\/about-us\/#primaryimage"},"thumbnailUrl":"https:\/\/jonfestival.com\/wp-content\/uploads\/2022\/03\/about_us_white_2.svg","datePublished":"2022-03-06T21:07:47+00:00","dateModified":"2024-07-04T12:44:22+00:00","breadcrumb":{"@id":"https:\/\/jonfestival.com\/fr\/about-us\/#breadcrumb"},"inLanguage":"fr-FR","potentialAction":[{"@type":"ReadAction","target":["https:\/\/jonfestival.com\/fr\/about-us\/"]}]},{"@type":"ImageObject","inLanguage":"fr-FR","@id":"https:\/\/jonfestival.com\/fr\/about-us\/#primaryimage","url":"https:\/\/jonfestival.com\/wp-content\/uploads\/2022\/03\/about_us_white_2.svg","contentUrl":"https:\/\/jonfestival.com\/wp-content\/uploads\/2022\/03\/about_us_white_2.svg"},{"@type":"BreadcrumbList","@id":"https:\/\/jonfestival.com\/fr\/about-us\/#breadcrumb","itemListElement":[{"@type":"ListItem","position":1,"name":"Home","item":"https:\/\/jonfestival.com\/fr\/"},{"@type":"ListItem","position":2,"name":"About Us"}]},{"@type":"WebSite","@id":"https:\/\/jonfestival.com\/fr\/#website","url":"https:\/\/jonfestival.com\/fr\/","name":"JON","description":"Music Festivals &amp; Concerts","publisher":{"@id":"https:\/\/jonfestival.com\/fr\/#organization"},"potentialAction":[{"@type":"SearchAction","target":{"@type":"EntryPoint","urlTemplate":"https:\/\/jonfestival.com\/fr\/?s={search_term_string}"},"query-input":{"@type":"PropertyValueSpecification","valueRequired":true,"valueName":"search_term_string"}}],"inLanguage":"fr-FR"},{"@type":"Organization","@id":"https:\/\/jonfestival.com\/fr\/#organization","name":"JON","url":"https:\/\/jonfestival.com\/fr\/","logo":{"@type":"ImageObject","inLanguage":"fr-FR","@id":"https:\/\/jonfestival.com\/fr\/#\/schema\/logo\/image\/","url":"https:\/\/jonfestival.com\/wp-content\/uploads\/2022\/12\/Untitled-design-32.png","contentUrl":"https:\/\/jonfestival.com\/wp-content\/uploads\/2022\/12\/Untitled-design-32.png","width":500,"height":500,"caption":"JON"},"image":{"@id":"https:\/\/jonfestival.com\/fr\/#\/schema\/logo\/image\/"}}]}},"_links":{"self":[{"href":"https:\/\/jonfestival.com\/fr\/wp-json\/wp\/v2\/pages\/23229","targetHints":{"allow":["GET"]}}],"collection":[{"href":"https:\/\/jonfestival.com\/fr\/wp-json\/wp\/v2\/pages"}],"about":[{"href":"https:\/\/jonfestival.com\/fr\/wp-json\/wp\/v2\/types\/page"}],"author":[{"embeddable":true,"href":"https:\/\/jonfestival.com\/fr\/wp-json\/wp\/v2\/users\/1"}],"replies":[{"embeddable":true,"href":"https:\/\/jonfestival.com\/fr\/wp-json\/wp\/v2\/comments?post=23229"}],"version-history":[{"count":1,"href":"https:\/\/jonfestival.com\/fr\/wp-json\/wp\/v2\/pages\/23229\/revisions"}],"predecessor-version":[{"id":23230,"href":"https:\/\/jonfestival.com\/fr\/wp-json\/wp\/v2\/pages\/23229\/revisions\/23230"}],"wp:attachment":[{"href":"https:\/\/jonfestival.com\/fr\/wp-json\/wp\/v2\/media?parent=23229"}],"curies":[{"name":"wp","href":"https:\/\/api.w.org\/{rel}","templated":true}]}}