{"id":23251,"date":"2022-04-18T16:29:15","date_gmt":"2022-04-18T16:29:15","guid":{"rendered":"https:\/\/jonfestival.com\/newsletter-popup\/"},"modified":"2024-07-04T13:16:32","modified_gmt":"2024-07-04T13:16:32","slug":"newsletter-popup","status":"publish","type":"page","link":"https:\/\/jonfestival.com\/fr\/newsletter-popup\/","title":{"rendered":"Newsletter Popup"},"content":{"rendered":"\t\t<div data-elementor-type=\"wp-page\" data-elementor-id=\"23251\" class=\"elementor elementor-23251 elementor-20212\" data-elementor-post-type=\"page\">\n\t\t\t\t\t\t<section class=\"elementor-section elementor-top-section elementor-element elementor-element-45f81834 scheme_default elementor-section-boxed elementor-section-height-default elementor-section-height-default sc_fly_static\" data-id=\"45f81834\" data-element_type=\"section\" data-e-type=\"section\" data-settings=\"{&quot;background_background&quot;:&quot;classic&quot;}\">\n\t\t\t\t\t\t<div class=\"elementor-container elementor-column-gap-extended\">\n\t\t\t\t\t<div class=\"elementor-column elementor-col-100 elementor-top-column elementor-element elementor-element-23ce45ca sc_inner_width_none sc_content_align_inherit sc_layouts_column_icons_position_left sc_fly_static\" data-id=\"23ce45ca\" data-element_type=\"column\" data-e-type=\"column\">\n\t\t\t<div class=\"elementor-widget-wrap elementor-element-populated\">\n\t\t\t\t\t\t<div class=\"elementor-element elementor-element-3906304b sc_height_huge sc_fly_static elementor-widget elementor-widget-spacer\" data-id=\"3906304b\" data-element_type=\"widget\" data-e-type=\"widget\" data-widget_type=\"spacer.default\">\n\t\t\t\t<div class=\"elementor-widget-container\">\n\t\t\t\t\t\t\t<div class=\"elementor-spacer\">\n\t\t\t<div class=\"elementor-spacer-inner\"><\/div>\n\t\t<\/div>\n\t\t\t\t\t\t<\/div>\n\t\t\t\t<\/div>\n\t\t\t\t<div class=\"elementor-element elementor-element-97b949c sc_layouts_hide_on_notebook sc_layouts_hide_on_tablet sc_layouts_hide_on_mobile sc_fly_static elementor-widget elementor-widget-spacer\" data-id=\"97b949c\" data-element_type=\"widget\" data-e-type=\"widget\" data-widget_type=\"spacer.default\">\n\t\t\t\t<div class=\"elementor-widget-container\">\n\t\t\t\t\t\t\t<div class=\"elementor-spacer\">\n\t\t\t<div class=\"elementor-spacer-inner\"><\/div>\n\t\t<\/div>\n\t\t\t\t\t\t<\/div>\n\t\t\t\t<\/div>\n\t\t\t\t<div class=\"elementor-element elementor-element-1092c910 sc_fly_static elementor-widget elementor-widget-trx_sc_title\" data-id=\"1092c910\" data-element_type=\"widget\" data-e-type=\"widget\" data-widget_type=\"trx_sc_title.default\">\n\t\t\t\t<div class=\"elementor-widget-container\">\n\t\t\t\t\t<div\t\tclass=\"sc_title sc_title_default\" ><h1 class=\"sc_item_title sc_title_title sc_align_center sc_item_title_style_default sc_item_title_tag\"\n\t\t\t><span class=\"sc_item_title_text\">D\u00e9faut<\/span><\/h1><\/div>\t\t\t\t<\/div>\n\t\t\t\t<\/div>\n\t\t\t\t<div class=\"elementor-element elementor-element-3dc493cb sc_height_small sc_fly_static elementor-widget elementor-widget-spacer\" data-id=\"3dc493cb\" data-element_type=\"widget\" data-e-type=\"widget\" data-widget_type=\"spacer.default\">\n\t\t\t\t<div class=\"elementor-widget-container\">\n\t\t\t\t\t\t\t<div class=\"elementor-spacer\">\n\t\t\t<div class=\"elementor-spacer-inner\"><\/div>\n\t\t<\/div>\n\t\t\t\t\t\t<\/div>\n\t\t\t\t<\/div>\n\t\t\t\t<div class=\"elementor-element elementor-element-6ce20d94 sc_fly_static elementor-widget elementor-widget-trx_sc_button\" data-id=\"6ce20d94\" data-element_type=\"widget\" data-e-type=\"widget\" data-widget_type=\"trx_sc_button.default\">\n\t\t\t\t<div class=\"elementor-widget-container\">\n\t\t\t\t\t<div\tclass=\"sc_item_button sc_button_wrap sc_align_center\" ><a href=\"#\" id=\"manual-launch-1\" class=\"sc_button sc_button_default sc_button_size_normal sc_button_icon_left\" ><span class=\"sc_button_text\"><span class=\"sc_button_title\">D\u00e9monstration ouverte<\/span><\/span><\/a><\/div>\t\t\t\t<\/div>\n\t\t\t\t<\/div>\n\t\t\t\t<div class=\"elementor-element elementor-element-6a4ee876 sc_layouts_hide_on_notebook sc_layouts_hide_on_tablet sc_layouts_hide_on_mobile sc_fly_static elementor-widget elementor-widget-spacer\" data-id=\"6a4ee876\" data-element_type=\"widget\" data-e-type=\"widget\" data-widget_type=\"spacer.default\">\n\t\t\t\t<div class=\"elementor-widget-container\">\n\t\t\t\t\t\t\t<div class=\"elementor-spacer\">\n\t\t\t<div class=\"elementor-spacer-inner\"><\/div>\n\t\t<\/div>\n\t\t\t\t\t\t<\/div>\n\t\t\t\t<\/div>\n\t\t\t\t<div class=\"elementor-element elementor-element-5a065efd sc_height_huge sc_fly_static elementor-widget elementor-widget-spacer\" data-id=\"5a065efd\" data-element_type=\"widget\" data-e-type=\"widget\" data-widget_type=\"spacer.default\">\n\t\t\t\t<div class=\"elementor-widget-container\">\n\t\t\t\t\t\t\t<div class=\"elementor-spacer\">\n\t\t\t<div class=\"elementor-spacer-inner\"><\/div>\n\t\t<\/div>\n\t\t\t\t\t\t<\/div>\n\t\t\t\t<\/div>\n\t\t\t\t\t<\/div>\n\t\t<\/div>\n\t\t\t\t\t<\/div>\n\t\t<\/section>\n\t\t\t\t<section class=\"elementor-section elementor-top-section elementor-element elementor-element-263d797d elementor-section-boxed elementor-section-height-default elementor-section-height-default sc_fly_static\" data-id=\"263d797d\" data-element_type=\"section\" data-e-type=\"section\">\n\t\t\t\t\t\t<div class=\"elementor-container elementor-column-gap-extended\">\n\t\t\t\t\t<div class=\"elementor-column elementor-col-100 elementor-top-column elementor-element elementor-element-303ab29f sc_inner_width_none sc_content_align_inherit sc_layouts_column_icons_position_left sc_fly_static\" data-id=\"303ab29f\" data-element_type=\"column\" data-e-type=\"column\">\n\t\t\t<div class=\"elementor-widget-wrap elementor-element-populated\">\n\t\t\t\t\t\t<div class=\"elementor-element elementor-element-14f2b5db sc_height_huge sc_fly_static elementor-widget elementor-widget-spacer\" data-id=\"14f2b5db\" data-element_type=\"widget\" data-e-type=\"widget\" data-widget_type=\"spacer.default\">\n\t\t\t\t<div class=\"elementor-widget-container\">\n\t\t\t\t\t\t\t<div class=\"elementor-spacer\">\n\t\t\t<div class=\"elementor-spacer-inner\"><\/div>\n\t\t<\/div>\n\t\t\t\t\t\t<\/div>\n\t\t\t\t<\/div>\n\t\t\t\t<div class=\"elementor-element elementor-element-424a6778 sc_layouts_hide_on_notebook sc_layouts_hide_on_tablet sc_layouts_hide_on_mobile sc_fly_static elementor-widget elementor-widget-spacer\" data-id=\"424a6778\" data-element_type=\"widget\" data-e-type=\"widget\" data-widget_type=\"spacer.default\">\n\t\t\t\t<div class=\"elementor-widget-container\">\n\t\t\t\t\t\t\t<div class=\"elementor-spacer\">\n\t\t\t<div class=\"elementor-spacer-inner\"><\/div>\n\t\t<\/div>\n\t\t\t\t\t\t<\/div>\n\t\t\t\t<\/div>\n\t\t\t\t<div class=\"elementor-element elementor-element-4feda783 sc_fly_static elementor-widget elementor-widget-trx_sc_title\" data-id=\"4feda783\" data-element_type=\"widget\" data-e-type=\"widget\" data-widget_type=\"trx_sc_title.default\">\n\t\t\t\t<div class=\"elementor-widget-container\">\n\t\t\t\t\t<div\t\tclass=\"sc_title sc_title_default\" ><h1 class=\"sc_item_title sc_title_title sc_align_center sc_item_title_style_default sc_item_title_tag\"\n\t\t\t><span class=\"sc_item_title_text\">Bo\u00eete \u00e0 lettre d'information<\/span><\/h1><\/div>\t\t\t\t<\/div>\n\t\t\t\t<\/div>\n\t\t\t\t<div class=\"elementor-element elementor-element-6e0b4b23 sc_height_small sc_fly_static elementor-widget elementor-widget-spacer\" data-id=\"6e0b4b23\" data-element_type=\"widget\" data-e-type=\"widget\" data-widget_type=\"spacer.default\">\n\t\t\t\t<div class=\"elementor-widget-container\">\n\t\t\t\t\t\t\t<div class=\"elementor-spacer\">\n\t\t\t<div class=\"elementor-spacer-inner\"><\/div>\n\t\t<\/div>\n\t\t\t\t\t\t<\/div>\n\t\t\t\t<\/div>\n\t\t\t\t<div class=\"elementor-element elementor-element-2b055498 sc_fly_static elementor-widget elementor-widget-trx_sc_button\" data-id=\"2b055498\" data-element_type=\"widget\" data-e-type=\"widget\" data-widget_type=\"trx_sc_button.default\">\n\t\t\t\t<div class=\"elementor-widget-container\">\n\t\t\t\t\t<div\tclass=\"sc_item_button sc_button_wrap sc_align_center\" ><a href=\"#\" id=\"manual-launch-2\" class=\"sc_button sc_button_default sc_button_size_normal sc_button_icon_left\" ><span class=\"sc_button_text\"><span class=\"sc_button_title\">D\u00e9monstration ouverte<\/span><\/span><\/a><\/div>\t\t\t\t<\/div>\n\t\t\t\t<\/div>\n\t\t\t\t<div class=\"elementor-element elementor-element-df061f5 sc_layouts_hide_on_notebook sc_layouts_hide_on_tablet sc_layouts_hide_on_mobile sc_fly_static elementor-widget elementor-widget-spacer\" data-id=\"df061f5\" data-element_type=\"widget\" data-e-type=\"widget\" data-widget_type=\"spacer.default\">\n\t\t\t\t<div class=\"elementor-widget-container\">\n\t\t\t\t\t\t\t<div class=\"elementor-spacer\">\n\t\t\t<div class=\"elementor-spacer-inner\"><\/div>\n\t\t<\/div>\n\t\t\t\t\t\t<\/div>\n\t\t\t\t<\/div>\n\t\t\t\t<div class=\"elementor-element elementor-element-438e4667 sc_height_huge sc_fly_static elementor-widget elementor-widget-spacer\" data-id=\"438e4667\" data-element_type=\"widget\" data-e-type=\"widget\" data-widget_type=\"spacer.default\">\n\t\t\t\t<div class=\"elementor-widget-container\">\n\t\t\t\t\t\t\t<div class=\"elementor-spacer\">\n\t\t\t<div class=\"elementor-spacer-inner\"><\/div>\n\t\t<\/div>\n\t\t\t\t\t\t<\/div>\n\t\t\t\t<\/div>\n\t\t\t\t\t<\/div>\n\t\t<\/div>\n\t\t\t\t\t<\/div>\n\t\t<\/section>\n\t\t\t\t<\/div>\n\t\t","protected":false},"excerpt":{"rendered":"<p>D\u00e9faut D\u00e9monstration ouverte Bo\u00eete \u00e0 lettre d&#8217;information D\u00e9monstration ouverte<\/p>\n","protected":false},"author":1,"featured_media":0,"parent":0,"menu_order":0,"comment_status":"closed","ping_status":"closed","template":"","meta":{"footnotes":""},"class_list":["post-23251","page","type-page","status-publish","hentry"],"yoast_head":"<!-- This site is optimized with the Yoast SEO plugin v26.8 - https:\/\/yoast.com\/product\/yoast-seo-wordpress\/ -->\n<title>Newsletter Popup - JON<\/title>\n<meta name=\"robots\" content=\"index, follow, max-snippet:-1, max-image-preview:large, max-video-preview:-1\" \/>\n<link rel=\"canonical\" href=\"https:\/\/jonfestival.com\/fr\/newsletter-popup\/\" \/>\n<meta property=\"og:locale\" content=\"fr_FR\" \/>\n<meta property=\"og:type\" content=\"article\" \/>\n<meta property=\"og:title\" content=\"Newsletter Popup - JON\" \/>\n<meta property=\"og:description\" content=\"D\u00e9faut D\u00e9monstration ouverte Bo\u00eete \u00e0 lettre d&#8217;information D\u00e9monstration ouverte\" \/>\n<meta property=\"og:url\" content=\"https:\/\/jonfestival.com\/fr\/newsletter-popup\/\" \/>\n<meta property=\"og:site_name\" content=\"JON\" \/>\n<meta property=\"article:modified_time\" content=\"2024-07-04T13:16:32+00:00\" \/>\n<meta name=\"twitter:card\" content=\"summary_large_image\" \/>\n<script type=\"application\/ld+json\" class=\"yoast-schema-graph\">{\"@context\":\"https:\/\/schema.org\",\"@graph\":[{\"@type\":\"WebPage\",\"@id\":\"https:\/\/jonfestival.com\/fr\/newsletter-popup\/\",\"url\":\"https:\/\/jonfestival.com\/fr\/newsletter-popup\/\",\"name\":\"Newsletter Popup - JON\",\"isPartOf\":{\"@id\":\"https:\/\/jonfestival.com\/fr\/#website\"},\"datePublished\":\"2022-04-18T16:29:15+00:00\",\"dateModified\":\"2024-07-04T13:16:32+00:00\",\"breadcrumb\":{\"@id\":\"https:\/\/jonfestival.com\/fr\/newsletter-popup\/#breadcrumb\"},\"inLanguage\":\"fr-FR\",\"potentialAction\":[{\"@type\":\"ReadAction\",\"target\":[\"https:\/\/jonfestival.com\/fr\/newsletter-popup\/\"]}]},{\"@type\":\"BreadcrumbList\",\"@id\":\"https:\/\/jonfestival.com\/fr\/newsletter-popup\/#breadcrumb\",\"itemListElement\":[{\"@type\":\"ListItem\",\"position\":1,\"name\":\"Home\",\"item\":\"https:\/\/jonfestival.com\/fr\/\"},{\"@type\":\"ListItem\",\"position\":2,\"name\":\"Newsletter Popup\"}]},{\"@type\":\"WebSite\",\"@id\":\"https:\/\/jonfestival.com\/fr\/#website\",\"url\":\"https:\/\/jonfestival.com\/fr\/\",\"name\":\"JON\",\"description\":\"Music Festivals &amp; Concerts\",\"publisher\":{\"@id\":\"https:\/\/jonfestival.com\/fr\/#organization\"},\"potentialAction\":[{\"@type\":\"SearchAction\",\"target\":{\"@type\":\"EntryPoint\",\"urlTemplate\":\"https:\/\/jonfestival.com\/fr\/?s={search_term_string}\"},\"query-input\":{\"@type\":\"PropertyValueSpecification\",\"valueRequired\":true,\"valueName\":\"search_term_string\"}}],\"inLanguage\":\"fr-FR\"},{\"@type\":\"Organization\",\"@id\":\"https:\/\/jonfestival.com\/fr\/#organization\",\"name\":\"JON\",\"url\":\"https:\/\/jonfestival.com\/fr\/\",\"logo\":{\"@type\":\"ImageObject\",\"inLanguage\":\"fr-FR\",\"@id\":\"https:\/\/jonfestival.com\/fr\/#\/schema\/logo\/image\/\",\"url\":\"https:\/\/jonfestival.com\/wp-content\/uploads\/2022\/12\/Untitled-design-32.png\",\"contentUrl\":\"https:\/\/jonfestival.com\/wp-content\/uploads\/2022\/12\/Untitled-design-32.png\",\"width\":500,\"height\":500,\"caption\":\"JON\"},\"image\":{\"@id\":\"https:\/\/jonfestival.com\/fr\/#\/schema\/logo\/image\/\"}}]}<\/script>\n<!-- \/ Yoast SEO plugin. -->","yoast_head_json":{"title":"Newsletter Popup - JON","robots":{"index":"index","follow":"follow","max-snippet":"max-snippet:-1","max-image-preview":"max-image-preview:large","max-video-preview":"max-video-preview:-1"},"canonical":"https:\/\/jonfestival.com\/fr\/newsletter-popup\/","og_locale":"fr_FR","og_type":"article","og_title":"Newsletter Popup - JON","og_description":"D\u00e9faut D\u00e9monstration ouverte Bo\u00eete \u00e0 lettre d&#8217;information D\u00e9monstration ouverte","og_url":"https:\/\/jonfestival.com\/fr\/newsletter-popup\/","og_site_name":"JON","article_modified_time":"2024-07-04T13:16:32+00:00","twitter_card":"summary_large_image","schema":{"@context":"https:\/\/schema.org","@graph":[{"@type":"WebPage","@id":"https:\/\/jonfestival.com\/fr\/newsletter-popup\/","url":"https:\/\/jonfestival.com\/fr\/newsletter-popup\/","name":"Newsletter Popup - JON","isPartOf":{"@id":"https:\/\/jonfestival.com\/fr\/#website"},"datePublished":"2022-04-18T16:29:15+00:00","dateModified":"2024-07-04T13:16:32+00:00","breadcrumb":{"@id":"https:\/\/jonfestival.com\/fr\/newsletter-popup\/#breadcrumb"},"inLanguage":"fr-FR","potentialAction":[{"@type":"ReadAction","target":["https:\/\/jonfestival.com\/fr\/newsletter-popup\/"]}]},{"@type":"BreadcrumbList","@id":"https:\/\/jonfestival.com\/fr\/newsletter-popup\/#breadcrumb","itemListElement":[{"@type":"ListItem","position":1,"name":"Home","item":"https:\/\/jonfestival.com\/fr\/"},{"@type":"ListItem","position":2,"name":"Newsletter Popup"}]},{"@type":"WebSite","@id":"https:\/\/jonfestival.com\/fr\/#website","url":"https:\/\/jonfestival.com\/fr\/","name":"JON","description":"Music Festivals &amp; Concerts","publisher":{"@id":"https:\/\/jonfestival.com\/fr\/#organization"},"potentialAction":[{"@type":"SearchAction","target":{"@type":"EntryPoint","urlTemplate":"https:\/\/jonfestival.com\/fr\/?s={search_term_string}"},"query-input":{"@type":"PropertyValueSpecification","valueRequired":true,"valueName":"search_term_string"}}],"inLanguage":"fr-FR"},{"@type":"Organization","@id":"https:\/\/jonfestival.com\/fr\/#organization","name":"JON","url":"https:\/\/jonfestival.com\/fr\/","logo":{"@type":"ImageObject","inLanguage":"fr-FR","@id":"https:\/\/jonfestival.com\/fr\/#\/schema\/logo\/image\/","url":"https:\/\/jonfestival.com\/wp-content\/uploads\/2022\/12\/Untitled-design-32.png","contentUrl":"https:\/\/jonfestival.com\/wp-content\/uploads\/2022\/12\/Untitled-design-32.png","width":500,"height":500,"caption":"JON"},"image":{"@id":"https:\/\/jonfestival.com\/fr\/#\/schema\/logo\/image\/"}}]}},"_links":{"self":[{"href":"https:\/\/jonfestival.com\/fr\/wp-json\/wp\/v2\/pages\/23251","targetHints":{"allow":["GET"]}}],"collection":[{"href":"https:\/\/jonfestival.com\/fr\/wp-json\/wp\/v2\/pages"}],"about":[{"href":"https:\/\/jonfestival.com\/fr\/wp-json\/wp\/v2\/types\/page"}],"author":[{"embeddable":true,"href":"https:\/\/jonfestival.com\/fr\/wp-json\/wp\/v2\/users\/1"}],"replies":[{"embeddable":true,"href":"https:\/\/jonfestival.com\/fr\/wp-json\/wp\/v2\/comments?post=23251"}],"version-history":[{"count":1,"href":"https:\/\/jonfestival.com\/fr\/wp-json\/wp\/v2\/pages\/23251\/revisions"}],"predecessor-version":[{"id":23252,"href":"https:\/\/jonfestival.com\/fr\/wp-json\/wp\/v2\/pages\/23251\/revisions\/23252"}],"wp:attachment":[{"href":"https:\/\/jonfestival.com\/fr\/wp-json\/wp\/v2\/media?parent=23251"}],"curies":[{"name":"wp","href":"https:\/\/api.w.org\/{rel}","templated":true}]}}