{"id":23257,"date":"2022-03-06T21:17:32","date_gmt":"2022-03-06T21:17:32","guid":{"rendered":"https:\/\/jonfestival.com\/service-plus\/"},"modified":"2024-07-04T13:40:07","modified_gmt":"2024-07-04T13:40:07","slug":"service-plus","status":"publish","type":"page","link":"https:\/\/jonfestival.com\/fr\/service-plus\/","title":{"rendered":"Service Plus"},"content":{"rendered":"\t\t<div data-elementor-type=\"wp-page\" data-elementor-id=\"23257\" class=\"elementor elementor-23257 elementor-17982\" data-elementor-post-type=\"page\">\n\t\t\t\t\t\t<section class=\"elementor-section elementor-top-section elementor-element elementor-element-d4dd4e9 elementor-section-boxed elementor-section-height-default elementor-section-height-default sc_fly_static\" data-id=\"d4dd4e9\" data-element_type=\"section\" data-e-type=\"section\">\n\t\t\t\t\t\t<div class=\"elementor-container elementor-column-gap-extended\">\n\t\t\t\t\t<div class=\"elementor-column elementor-col-100 elementor-top-column elementor-element elementor-element-0a43f16 sc_inner_width_none sc_content_align_inherit sc_layouts_column_icons_position_left sc_fly_static\" data-id=\"0a43f16\" data-element_type=\"column\" data-e-type=\"column\">\n\t\t\t<div class=\"elementor-widget-wrap elementor-element-populated\">\n\t\t\t\t\t\t<div class=\"elementor-element elementor-element-e4d701d sc_height_huge sc_fly_static elementor-widget elementor-widget-spacer\" data-id=\"e4d701d\" data-element_type=\"widget\" data-e-type=\"widget\" data-widget_type=\"spacer.default\">\n\t\t\t\t<div class=\"elementor-widget-container\">\n\t\t\t\t\t\t\t<div class=\"elementor-spacer\">\n\t\t\t<div class=\"elementor-spacer-inner\"><\/div>\n\t\t<\/div>\n\t\t\t\t\t\t<\/div>\n\t\t\t\t<\/div>\n\t\t\t\t\t<\/div>\n\t\t<\/div>\n\t\t\t\t\t<\/div>\n\t\t<\/section>\n\t\t\t\t<section class=\"elementor-section elementor-top-section elementor-element elementor-element-71cfa8ab elementor-section-boxed elementor-section-height-default elementor-section-height-default sc_fly_static\" data-id=\"71cfa8ab\" data-element_type=\"section\" data-e-type=\"section\">\n\t\t\t\t\t\t<div class=\"elementor-container elementor-column-gap-extended\">\n\t\t\t\t\t<div class=\"elementor-column elementor-col-100 elementor-top-column elementor-element elementor-element-73ce2276 sc_inner_width_none sc_content_align_inherit sc_layouts_column_icons_position_left sc_fly_static\" data-id=\"73ce2276\" data-element_type=\"column\" data-e-type=\"column\">\n\t\t\t<div class=\"elementor-widget-wrap elementor-element-populated\">\n\t\t\t\t\t\t<div class=\"elementor-element elementor-element-421f2c96 sc_fly_static elementor-widget elementor-widget-trx_sc_title\" data-id=\"421f2c96\" data-element_type=\"widget\" data-e-type=\"widget\" data-widget_type=\"trx_sc_title.default\">\n\t\t\t\t<div class=\"elementor-widget-container\">\n\t\t\t\t\t<div\t\tclass=\"sc_title sc_title_default\" ><h2 class=\"sc_item_title sc_title_title sc_item_title_style_default sc_item_title_tag\"\n\t\t\t><span class=\"sc_item_title_text\">Chers clients,<\/span><\/h2><\/div>\t\t\t\t<\/div>\n\t\t\t\t<\/div>\n\t\t\t\t<div class=\"elementor-element elementor-element-be2377f sc_height_tiny sc_fly_static elementor-widget elementor-widget-spacer\" data-id=\"be2377f\" data-element_type=\"widget\" data-e-type=\"widget\" data-widget_type=\"spacer.default\">\n\t\t\t\t<div class=\"elementor-widget-container\">\n\t\t\t\t\t\t\t<div class=\"elementor-spacer\">\n\t\t\t<div class=\"elementor-spacer-inner\"><\/div>\n\t\t<\/div>\n\t\t\t\t\t\t<\/div>\n\t\t\t\t<\/div>\n\t\t\t\t<div class=\"elementor-element elementor-element-67d37237 sc_fly_static elementor-widget elementor-widget-text-editor\" data-id=\"67d37237\" data-element_type=\"widget\" data-e-type=\"widget\" data-widget_type=\"text-editor.default\">\n\t\t\t\t<div class=\"elementor-widget-container\">\n\t\t\t\t\t\t\t\t\tNotre objectif principal est de d\u00e9velopper un cadre de th\u00e8me s\u00e9curis\u00e9 et personnalisable qui r\u00e9ponde aux besoins de l&#8217;utilisateur final. Par cons\u00e9quent, nos clients peuvent cr\u00e9er des sites web \u00e0 l&#8217;aide de nos mod\u00e8les aussi facilement que 1-2-3 ! Ce processus n\u00e9cessite un minimum de connaissances de WordPress et de codage, ainsi qu&#8217;une documentation \u00e9tendue et notre \u00e9quipe d&#8217;assistance est toujours \u00e0 votre service. Toutefois, nous vous demandons de garder \u00e0 l&#8217;esprit que certains probl\u00e8mes ne sont pas dus \u00e0 un dysfonctionnement des mod\u00e8les. Il peut y avoir des situations o\u00f9 cela ne d\u00e9pend pas de nous et du cadre. Par exemple, les param\u00e8tres du serveur, certaines fonctions suppl\u00e9mentaires qui n\u00e9cessitent une personnalisation approfondie des fichiers, ou l&#8217;utilisation de plugins suppl\u00e9mentaires. Et bien s\u00fbr, une tentative de construire un site web en tr\u00e8s peu de temps.\n\nNous connaissons parfaitement le cadre de notre th\u00e8me et disposons d&#8217;une \u00e9quipe de d\u00e9veloppeurs hautement professionnels. Ils vous aideront \u00e0 d\u00e9velopper le site web dont vous avez besoin. Si vous avez besoin de personnaliser votre site web, contactez notre service d&#8217;assistance pour plus d&#8217;informations.: <a href=\"https:\/\/themerex.net\/support\/\" target=\"_blank\" rel=\"noopener\">https:\/\/themerex.net\/support\/<\/a>\t\t\t\t\t\t\t\t<\/div>\n\t\t\t\t<\/div>\n\t\t\t\t\t<\/div>\n\t\t<\/div>\n\t\t\t\t\t<\/div>\n\t\t<\/section>\n\t\t\t\t<section class=\"elementor-section elementor-top-section elementor-element elementor-element-6747ecc1 elementor-section-boxed elementor-section-height-default elementor-section-height-default sc_fly_static\" data-id=\"6747ecc1\" data-element_type=\"section\" data-e-type=\"section\">\n\t\t\t\t\t\t<div class=\"elementor-container elementor-column-gap-extended\">\n\t\t\t\t\t<div class=\"elementor-column elementor-col-100 elementor-top-column elementor-element elementor-element-4939057a sc_inner_width_none sc_content_align_inherit sc_layouts_column_icons_position_left sc_fly_static\" data-id=\"4939057a\" data-element_type=\"column\" data-e-type=\"column\">\n\t\t\t<div class=\"elementor-widget-wrap elementor-element-populated\">\n\t\t\t\t\t\t<div class=\"elementor-element elementor-element-1ad5e551 sc_height_medium sc_fly_static elementor-widget elementor-widget-spacer\" data-id=\"1ad5e551\" data-element_type=\"widget\" data-e-type=\"widget\" data-widget_type=\"spacer.default\">\n\t\t\t\t<div class=\"elementor-widget-container\">\n\t\t\t\t\t\t\t<div class=\"elementor-spacer\">\n\t\t\t<div class=\"elementor-spacer-inner\"><\/div>\n\t\t<\/div>\n\t\t\t\t\t\t<\/div>\n\t\t\t\t<\/div>\n\t\t\t\t<div class=\"elementor-element elementor-element-2ee341de elementor-widget-divider--view-line sc_fly_static elementor-widget elementor-widget-divider\" data-id=\"2ee341de\" data-element_type=\"widget\" data-e-type=\"widget\" data-widget_type=\"divider.default\">\n\t\t\t\t<div class=\"elementor-widget-container\">\n\t\t\t\t\t\t\t<div class=\"elementor-divider\">\n\t\t\t<span class=\"elementor-divider-separator\">\n\t\t\t\t\t\t<\/span>\n\t\t<\/div>\n\t\t\t\t\t\t<\/div>\n\t\t\t\t<\/div>\n\t\t\t\t<div class=\"elementor-element elementor-element-247b57aa sc_height_medium sc_fly_static elementor-widget elementor-widget-spacer\" data-id=\"247b57aa\" data-element_type=\"widget\" data-e-type=\"widget\" data-widget_type=\"spacer.default\">\n\t\t\t\t<div class=\"elementor-widget-container\">\n\t\t\t\t\t\t\t<div class=\"elementor-spacer\">\n\t\t\t<div class=\"elementor-spacer-inner\"><\/div>\n\t\t<\/div>\n\t\t\t\t\t\t<\/div>\n\t\t\t\t<\/div>\n\t\t\t\t\t<\/div>\n\t\t<\/div>\n\t\t\t\t\t<\/div>\n\t\t<\/section>\n\t\t\t\t<section class=\"elementor-section elementor-top-section elementor-element elementor-element-2aba381b elementor-section-boxed elementor-section-height-default elementor-section-height-default sc_fly_static\" data-id=\"2aba381b\" data-element_type=\"section\" data-e-type=\"section\">\n\t\t\t\t\t\t<div class=\"elementor-container elementor-column-gap-extended\">\n\t\t\t\t\t<div class=\"elementor-column elementor-col-100 elementor-top-column elementor-element elementor-element-6f6ecaaa sc_inner_width_none sc_content_align_inherit sc_layouts_column_icons_position_left sc_fly_static\" data-id=\"6f6ecaaa\" data-element_type=\"column\" data-e-type=\"column\">\n\t\t\t<div class=\"elementor-widget-wrap elementor-element-populated\">\n\t\t\t\t\t\t<div class=\"elementor-element elementor-element-4c7871b5 sc_fly_static elementor-widget elementor-widget-trx_sc_title\" data-id=\"4c7871b5\" data-element_type=\"widget\" data-e-type=\"widget\" data-widget_type=\"trx_sc_title.default\">\n\t\t\t\t<div class=\"elementor-widget-container\">\n\t\t\t\t\t<div\t\tclass=\"sc_title sc_title_default\" ><span class=\"sc_item_subtitle sc_title_subtitle sc_align_center sc_item_subtitle_above sc_item_title_style_default\">Personnalisation<\/span><h1 class=\"sc_item_title sc_title_title sc_align_center sc_item_title_style_default sc_item_title_tag\"\n\t\t\t><span class=\"sc_item_title_text\">Emballages<\/span><\/h1><\/div>\t\t\t\t<\/div>\n\t\t\t\t<\/div>\n\t\t\t\t\t<\/div>\n\t\t<\/div>\n\t\t\t\t\t<\/div>\n\t\t<\/section>\n\t\t\t\t<section class=\"elementor-section elementor-top-section elementor-element elementor-element-6fba376e elementor-section-boxed elementor-section-height-default elementor-section-height-default sc_fly_static\" data-id=\"6fba376e\" data-element_type=\"section\" data-e-type=\"section\">\n\t\t\t\t\t\t<div class=\"elementor-container elementor-column-gap-extended\">\n\t\t\t\t\t<div class=\"elementor-column elementor-col-100 elementor-top-column elementor-element elementor-element-13124562 sc_inner_width_none sc_content_align_inherit sc_layouts_column_icons_position_left sc_fly_static\" data-id=\"13124562\" data-element_type=\"column\" data-e-type=\"column\">\n\t\t\t<div class=\"elementor-widget-wrap elementor-element-populated\">\n\t\t\t\t\t\t<div class=\"elementor-element elementor-element-65a95315 sc_fly_static elementor-widget elementor-widget-spacer\" data-id=\"65a95315\" data-element_type=\"widget\" data-e-type=\"widget\" data-widget_type=\"spacer.default\">\n\t\t\t\t<div class=\"elementor-widget-container\">\n\t\t\t\t\t\t\t<div class=\"elementor-spacer\">\n\t\t\t<div class=\"elementor-spacer-inner\"><\/div>\n\t\t<\/div>\n\t\t\t\t\t\t<\/div>\n\t\t\t\t<\/div>\n\t\t\t\t\t<\/div>\n\t\t<\/div>\n\t\t\t\t\t<\/div>\n\t\t<\/section>\n\t\t\t\t<section class=\"elementor-section elementor-top-section elementor-element elementor-element-19ff1f33 elementor-section-boxed elementor-section-height-default elementor-section-height-default sc_fly_static\" data-id=\"19ff1f33\" data-element_type=\"section\" data-e-type=\"section\">\n\t\t\t\t\t\t<div class=\"elementor-container elementor-column-gap-extended\">\n\t\t\t\t\t<div class=\"elementor-column elementor-col-100 elementor-top-column elementor-element elementor-element-73a571f1 sc_inner_width_none sc_content_align_inherit sc_layouts_column_icons_position_left sc_fly_static\" data-id=\"73a571f1\" data-element_type=\"column\" data-e-type=\"column\">\n\t\t\t<div class=\"elementor-widget-wrap elementor-element-populated\">\n\t\t\t\t\t\t<div class=\"elementor-element elementor-element-53110633 sc_fly_static elementor-widget elementor-widget-trx_sc_price\" data-id=\"53110633\" data-element_type=\"widget\" data-e-type=\"widget\" data-widget_type=\"trx_sc_price.default\">\n\t\t\t\t<div class=\"elementor-widget-container\">\n\t\t\t\t\t<div  \r\n\tclass=\"sc_price sc_price_metro\"><div class=\"sc_price_columns_wrap sc_item_columns trx_addons_columns_wrap columns_padding_bottom columns_in_single_row\"><div class=\"trx_addons_column-1_3\"><div class=\"sc_price_item sc_price_item_metro\">\r\n\t\t\t<div class=\"sc_price_item_inner\"><div class=\"sc_price_item_info_top\"><h3 class=\"sc_price_item_title\"><span>Installation + changement de logo<\/span><\/h3><h6 class=\"sc_price_item_subtitle\"><span>r\u00e9guli\u00e8re<\/span><\/h6><\/div><div class=\"sc_price_item_info\"><div class=\"sc_price_item_price\"><span class=\"sc_price_item_price_before\">$<\/span><span class=\"sc_price_item_price_value\">39<\/span><\/div><div class=\"sc_price_item_details\"><ul class=\"trx_addons_list trx_addons_list_dot\" style=\"text-align: left;\">\n<li style=\"font-weight: 400;\"><span style=\"font-weight: 400;\">Le mod\u00e8le sera install\u00e9 sur votre serveur exactement comme le montre la d\u00e9mo. Vous aurez acc\u00e8s au panneau d'administration, ce qui vous permettra de g\u00e9rer votre site web.<\/span><\/li>\n<li style=\"font-weight: 400;\"><span style=\"font-weight: 400;\">Nous remplacerons le logo du mod\u00e8le par le v\u00f4tre sur chaque page du mod\u00e8le. <\/span><\/li>\n<li style=\"font-weight: 400;\"><span style=\"font-weight: 400;\">The logo has to be in good quality in .PSD, .EPS, .PNG, .JPG format. <\/span><span style=\"font-weight: 400;\">Logo width should be 300px and 600px<\/span><\/li>\n<\/ul>\n<\/div><\/div><!-- \/.sc_price_item_info --><\/div><!-- \/.sc_price_item_inner --><a href=\"https:\/\/themerex.net\/downloads\/theme-installation\/?utm_source=demosplus&#038;utm_medium=demosplus&#038;utm_campaign=demosplus\" class=\"sc_price_item_link sc_button\" target=\"_blank\">Profitez de cette offre<\/a><\/div><\/div><div class=\"trx_addons_column-1_3\"><div class=\"sc_price_item sc_price_item_metro\">\r\n\t\t\t<div class=\"sc_price_item_inner\"><div class=\"sc_price_item_info_top\"><h3 class=\"sc_price_item_title\"><span>Site web pr\u00eat \u00e0 l&#039;emploi<\/span><\/h3><h6 class=\"sc_price_item_subtitle\"><span>argent<\/span><\/h6><\/div><div class=\"sc_price_item_info\"><div class=\"sc_price_item_price\"><span class=\"sc_price_item_price_before\">$<\/span><span class=\"sc_price_item_price_value\">350<\/span><\/div><div class=\"sc_price_item_details\"><ul class=\"trx_addons_list trx_addons_list_dot\" style=\"text-align: left;\">\n<li style=\"font-weight: 400;\"><span style=\"font-weight: 400;\">Installation du th\u00e8me sur votre serveur avec votre logo<\/span><\/li>\n<li style=\"font-weight: 400;\"><span style=\"font-weight: 400;\">Carte Google avec votre adresse<\/span><\/li>\n<li style=\"font-weight: 400;\"><span style=\"font-weight: 400;\">Remplacement du contenu et des images jusqu'\u00e0 6 pages (sans modification de la mise en page)<\/span><\/li>\n<li style=\"font-weight: 400;\"><span style=\"font-weight: 400;\">Suppression des \u00e9l\u00e9ments dont vous n'avez pas besoin sur votre site web<\/span><\/li>\n<li style=\"font-weight: 400;\"><span style=\"font-weight: 400;\">Jeu d'ic\u00f4nes sociales (sans modifier la mise en page du th\u00e8me)<\/span><\/li>\n<li style=\"font-weight: 400;\"><span style=\"font-weight: 400;\">Remplacement de la palette de couleurs<\/span><\/li>\n<\/ul>\n<\/div><\/div><!-- \/.sc_price_item_info --><\/div><!-- \/.sc_price_item_inner --><a href=\"https:\/\/themerex.net\/downloads\/ready-use-website\/?utm_source=demosplus&#038;utm_medium=demosplus&#038;utm_campaign=demosplus\" class=\"sc_price_item_link sc_button\" target=\"_blank\">Take advantage of this offer<\/a><\/div><\/div><div class=\"trx_addons_column-1_3\"><div class=\"sc_price_item sc_price_item_metro\">\r\n\t\t\t<div class=\"sc_price_item_inner\"><div class=\"sc_price_item_info_top\"><h3 class=\"sc_price_item_title\"><span> Package complet de site web<\/span><\/h3><h6 class=\"sc_price_item_subtitle\"><span>l&#039;or<\/span><\/h6><\/div><div class=\"sc_price_item_info\"><div class=\"sc_price_item_price\"><span class=\"sc_price_item_price_before\">$<\/span><span class=\"sc_price_item_price_value\">699<\/span><\/div><div class=\"sc_price_item_details\"><ul class=\"trx_addons_list trx_addons_list_dot\" style=\"text-align: left;\">\n<li style=\"font-weight: 400;\"><span style=\"font-weight: 400;\">Installation de WordPress et de th\u00e8mes<\/span><\/li>\n<li style=\"font-weight: 400;\"><span style=\"font-weight: 400;\">Personnalisation de l'image de marque du site web<\/span><\/li>\n<li style=\"font-weight: 400;\"><span style=\"font-weight: 400;\">D\u00e9veloppement du contenu (15 images libres de droits et 1500 mots de texte)<\/span><\/li>\n<li style=\"font-weight: 400;\"><span style=\"font-weight: 400;\">Mise en place du contenu (ajout de 6 pages, 6 posts, Revolution sliders)<\/span><\/li>\n<li style=\"font-weight: 400;\"><span style=\"font-weight: 400;\">L'essentiel du r\u00e9f\u00e9rencement<\/span><\/li>\n<li style=\"font-weight: 400;\"><span style=\"font-weight: 400;\">Optimisation de la vitesse du site web<\/span><\/li>\n<\/ul>\n<\/div><\/div><!-- \/.sc_price_item_info --><\/div><!-- \/.sc_price_item_inner --><a href=\"https:\/\/themerex.net\/downloads\/full-website-package\/?utm_source=demosplus&#038;utm_medium=demosplus&#038;utm_campaign=demosplus\" class=\"sc_price_item_link sc_button\" target=\"_blank\">Profitez de cette offre<\/a><\/div><\/div><\/div><\/div><!-- \/.sc_price -->\t\t\t\t<\/div>\n\t\t\t\t<\/div>\n\t\t\t\t\t<\/div>\n\t\t<\/div>\n\t\t\t\t\t<\/div>\n\t\t<\/section>\n\t\t\t\t<section class=\"elementor-section elementor-top-section elementor-element elementor-element-9b04dc6 elementor-section-boxed elementor-section-height-default elementor-section-height-default sc_fly_static\" data-id=\"9b04dc6\" data-element_type=\"section\" data-e-type=\"section\">\n\t\t\t\t\t\t<div class=\"elementor-container elementor-column-gap-extended\">\n\t\t\t\t\t<div class=\"elementor-column elementor-col-100 elementor-top-column elementor-element elementor-element-6f00600 sc_inner_width_none sc_content_align_inherit sc_layouts_column_icons_position_left sc_fly_static\" data-id=\"6f00600\" data-element_type=\"column\" data-e-type=\"column\">\n\t\t\t<div class=\"elementor-widget-wrap elementor-element-populated\">\n\t\t\t\t\t\t<div class=\"elementor-element elementor-element-7313c90 sc_height_huge sc_fly_static elementor-widget elementor-widget-spacer\" data-id=\"7313c90\" data-element_type=\"widget\" data-e-type=\"widget\" data-widget_type=\"spacer.default\">\n\t\t\t\t<div class=\"elementor-widget-container\">\n\t\t\t\t\t\t\t<div class=\"elementor-spacer\">\n\t\t\t<div class=\"elementor-spacer-inner\"><\/div>\n\t\t<\/div>\n\t\t\t\t\t\t<\/div>\n\t\t\t\t<\/div>\n\t\t\t\t\t<\/div>\n\t\t<\/div>\n\t\t\t\t\t<\/div>\n\t\t<\/section>\n\t\t\t\t<\/div>\n\t\t","protected":false},"excerpt":{"rendered":"<p>Chers clients, Notre objectif principal est de d\u00e9velopper un cadre de th\u00e8me s\u00e9curis\u00e9 et personnalisable qui r\u00e9ponde aux besoins de l&#8217;utilisateur final. Par cons\u00e9quent, nos clients peuvent cr\u00e9er des sites&hellip;<\/p>\n","protected":false},"author":1,"featured_media":0,"parent":0,"menu_order":0,"comment_status":"closed","ping_status":"closed","template":"","meta":{"footnotes":""},"class_list":["post-23257","page","type-page","status-publish","hentry"],"yoast_head":"<!-- This site is optimized with the Yoast SEO plugin v26.8 - https:\/\/yoast.com\/product\/yoast-seo-wordpress\/ -->\n<title>Service Plus - JON<\/title>\n<meta name=\"robots\" content=\"index, follow, max-snippet:-1, max-image-preview:large, max-video-preview:-1\" \/>\n<link rel=\"canonical\" href=\"https:\/\/jonfestival.com\/fr\/service-plus\/\" \/>\n<meta property=\"og:locale\" content=\"fr_FR\" \/>\n<meta property=\"og:type\" content=\"article\" \/>\n<meta property=\"og:title\" content=\"Service Plus - JON\" \/>\n<meta property=\"og:description\" content=\"Chers clients, Notre objectif principal est de d\u00e9velopper un cadre de th\u00e8me s\u00e9curis\u00e9 et personnalisable qui r\u00e9ponde aux besoins de l&#8217;utilisateur final. Par cons\u00e9quent, nos clients peuvent cr\u00e9er des sites&hellip;\" \/>\n<meta property=\"og:url\" content=\"https:\/\/jonfestival.com\/fr\/service-plus\/\" \/>\n<meta property=\"og:site_name\" content=\"JON\" \/>\n<meta property=\"article:modified_time\" content=\"2024-07-04T13:40:07+00:00\" \/>\n<meta name=\"twitter:card\" content=\"summary_large_image\" \/>\n<meta name=\"twitter:label1\" content=\"Dur\u00e9e de lecture estim\u00e9e\" \/>\n\t<meta name=\"twitter:data1\" content=\"2 minutes\" \/>\n<script type=\"application\/ld+json\" class=\"yoast-schema-graph\">{\"@context\":\"https:\/\/schema.org\",\"@graph\":[{\"@type\":\"WebPage\",\"@id\":\"https:\/\/jonfestival.com\/fr\/service-plus\/\",\"url\":\"https:\/\/jonfestival.com\/fr\/service-plus\/\",\"name\":\"Service Plus - JON\",\"isPartOf\":{\"@id\":\"https:\/\/jonfestival.com\/fr\/#website\"},\"datePublished\":\"2022-03-06T21:17:32+00:00\",\"dateModified\":\"2024-07-04T13:40:07+00:00\",\"breadcrumb\":{\"@id\":\"https:\/\/jonfestival.com\/fr\/service-plus\/#breadcrumb\"},\"inLanguage\":\"fr-FR\",\"potentialAction\":[{\"@type\":\"ReadAction\",\"target\":[\"https:\/\/jonfestival.com\/fr\/service-plus\/\"]}]},{\"@type\":\"BreadcrumbList\",\"@id\":\"https:\/\/jonfestival.com\/fr\/service-plus\/#breadcrumb\",\"itemListElement\":[{\"@type\":\"ListItem\",\"position\":1,\"name\":\"Home\",\"item\":\"https:\/\/jonfestival.com\/fr\/\"},{\"@type\":\"ListItem\",\"position\":2,\"name\":\"Service Plus\"}]},{\"@type\":\"WebSite\",\"@id\":\"https:\/\/jonfestival.com\/fr\/#website\",\"url\":\"https:\/\/jonfestival.com\/fr\/\",\"name\":\"JON\",\"description\":\"Music Festivals &amp; Concerts\",\"publisher\":{\"@id\":\"https:\/\/jonfestival.com\/fr\/#organization\"},\"potentialAction\":[{\"@type\":\"SearchAction\",\"target\":{\"@type\":\"EntryPoint\",\"urlTemplate\":\"https:\/\/jonfestival.com\/fr\/?s={search_term_string}\"},\"query-input\":{\"@type\":\"PropertyValueSpecification\",\"valueRequired\":true,\"valueName\":\"search_term_string\"}}],\"inLanguage\":\"fr-FR\"},{\"@type\":\"Organization\",\"@id\":\"https:\/\/jonfestival.com\/fr\/#organization\",\"name\":\"JON\",\"url\":\"https:\/\/jonfestival.com\/fr\/\",\"logo\":{\"@type\":\"ImageObject\",\"inLanguage\":\"fr-FR\",\"@id\":\"https:\/\/jonfestival.com\/fr\/#\/schema\/logo\/image\/\",\"url\":\"https:\/\/jonfestival.com\/wp-content\/uploads\/2022\/12\/Untitled-design-32.png\",\"contentUrl\":\"https:\/\/jonfestival.com\/wp-content\/uploads\/2022\/12\/Untitled-design-32.png\",\"width\":500,\"height\":500,\"caption\":\"JON\"},\"image\":{\"@id\":\"https:\/\/jonfestival.com\/fr\/#\/schema\/logo\/image\/\"}}]}<\/script>\n<!-- \/ Yoast SEO plugin. -->","yoast_head_json":{"title":"Service Plus - JON","robots":{"index":"index","follow":"follow","max-snippet":"max-snippet:-1","max-image-preview":"max-image-preview:large","max-video-preview":"max-video-preview:-1"},"canonical":"https:\/\/jonfestival.com\/fr\/service-plus\/","og_locale":"fr_FR","og_type":"article","og_title":"Service Plus - JON","og_description":"Chers clients, Notre objectif principal est de d\u00e9velopper un cadre de th\u00e8me s\u00e9curis\u00e9 et personnalisable qui r\u00e9ponde aux besoins de l&#8217;utilisateur final. Par cons\u00e9quent, nos clients peuvent cr\u00e9er des sites&hellip;","og_url":"https:\/\/jonfestival.com\/fr\/service-plus\/","og_site_name":"JON","article_modified_time":"2024-07-04T13:40:07+00:00","twitter_card":"summary_large_image","twitter_misc":{"Dur\u00e9e de lecture estim\u00e9e":"2 minutes"},"schema":{"@context":"https:\/\/schema.org","@graph":[{"@type":"WebPage","@id":"https:\/\/jonfestival.com\/fr\/service-plus\/","url":"https:\/\/jonfestival.com\/fr\/service-plus\/","name":"Service Plus - JON","isPartOf":{"@id":"https:\/\/jonfestival.com\/fr\/#website"},"datePublished":"2022-03-06T21:17:32+00:00","dateModified":"2024-07-04T13:40:07+00:00","breadcrumb":{"@id":"https:\/\/jonfestival.com\/fr\/service-plus\/#breadcrumb"},"inLanguage":"fr-FR","potentialAction":[{"@type":"ReadAction","target":["https:\/\/jonfestival.com\/fr\/service-plus\/"]}]},{"@type":"BreadcrumbList","@id":"https:\/\/jonfestival.com\/fr\/service-plus\/#breadcrumb","itemListElement":[{"@type":"ListItem","position":1,"name":"Home","item":"https:\/\/jonfestival.com\/fr\/"},{"@type":"ListItem","position":2,"name":"Service Plus"}]},{"@type":"WebSite","@id":"https:\/\/jonfestival.com\/fr\/#website","url":"https:\/\/jonfestival.com\/fr\/","name":"JON","description":"Music Festivals &amp; Concerts","publisher":{"@id":"https:\/\/jonfestival.com\/fr\/#organization"},"potentialAction":[{"@type":"SearchAction","target":{"@type":"EntryPoint","urlTemplate":"https:\/\/jonfestival.com\/fr\/?s={search_term_string}"},"query-input":{"@type":"PropertyValueSpecification","valueRequired":true,"valueName":"search_term_string"}}],"inLanguage":"fr-FR"},{"@type":"Organization","@id":"https:\/\/jonfestival.com\/fr\/#organization","name":"JON","url":"https:\/\/jonfestival.com\/fr\/","logo":{"@type":"ImageObject","inLanguage":"fr-FR","@id":"https:\/\/jonfestival.com\/fr\/#\/schema\/logo\/image\/","url":"https:\/\/jonfestival.com\/wp-content\/uploads\/2022\/12\/Untitled-design-32.png","contentUrl":"https:\/\/jonfestival.com\/wp-content\/uploads\/2022\/12\/Untitled-design-32.png","width":500,"height":500,"caption":"JON"},"image":{"@id":"https:\/\/jonfestival.com\/fr\/#\/schema\/logo\/image\/"}}]}},"_links":{"self":[{"href":"https:\/\/jonfestival.com\/fr\/wp-json\/wp\/v2\/pages\/23257","targetHints":{"allow":["GET"]}}],"collection":[{"href":"https:\/\/jonfestival.com\/fr\/wp-json\/wp\/v2\/pages"}],"about":[{"href":"https:\/\/jonfestival.com\/fr\/wp-json\/wp\/v2\/types\/page"}],"author":[{"embeddable":true,"href":"https:\/\/jonfestival.com\/fr\/wp-json\/wp\/v2\/users\/1"}],"replies":[{"embeddable":true,"href":"https:\/\/jonfestival.com\/fr\/wp-json\/wp\/v2\/comments?post=23257"}],"version-history":[{"count":1,"href":"https:\/\/jonfestival.com\/fr\/wp-json\/wp\/v2\/pages\/23257\/revisions"}],"predecessor-version":[{"id":23258,"href":"https:\/\/jonfestival.com\/fr\/wp-json\/wp\/v2\/pages\/23257\/revisions\/23258"}],"wp:attachment":[{"href":"https:\/\/jonfestival.com\/fr\/wp-json\/wp\/v2\/media?parent=23257"}],"curies":[{"name":"wp","href":"https:\/\/api.w.org\/{rel}","templated":true}]}}